{"id":646,"date":"2017-05-10T22:15:05","date_gmt":"2017-05-10T20:15:05","guid":{"rendered":"http:\/\/www.riccardomarzola.it\/new-site\/?page_id=646"},"modified":"2018-04-08T16:10:44","modified_gmt":"2018-04-08T14:10:44","slug":"grande-rialzo-del-seno-mascellare","status":"publish","type":"page","link":"https:\/\/riccardomarzola.it\/new-site\/clinici\/implantologia\/grande-rialzo-del-seno-mascellare\/","title":{"rendered":"Grande rialzo del seno mascellare"},"content":{"rendered":"<div class=\"wpb-content-wrapper\"><p>[vc_row][vc_column][vc_column_text]La procedura di grande rialzo del seno mascellare, (in lingua inglese &#8220;sinus graft&#8221;) consiste nello riempimento di parte del seno mascellare con un materiale artificiale, il cosiddetto &#8220;Biosso&#8221;, che nell&#8217;arco di 8-9 mesi si trasforma in tessuto osseo dalle caratteristiche paragonabili a quelle dell&#8217;osso nativo. Grazie a questa procedura \u00e8 possibile inserire impianti dentali anche laddove inizialmente non c&#8217;\u00e8 sufficiente quantit\u00e0 di osso.<\/p>\n<div style=\"width: 1040px;\" class=\"wp-video\"><!--[if lt IE 9]><script>document.createElement('video');<\/script><![endif]-->\n<video class=\"wp-video-shortcode\" id=\"video-646-1\" width=\"1040\" height=\"585\" poster=\"https:\/\/riccardomarzola.it\/new-site\/wp-content\/uploads\/2017\/10\/cover-video-grande-rialzo.png\" preload=\"metadata\" controls=\"controls\"><source type=\"video\/mp4\" src=\"https:\/\/riccardomarzola.it\/new-site\/wp-content\/uploads\/2017\/10\/Grande-rialzo-del-pavimento-del-seno-mascellare-Geistlich-Biomaterials.mp4?_=1\" \/><a href=\"https:\/\/riccardomarzola.it\/new-site\/wp-content\/uploads\/2017\/10\/Grande-rialzo-del-pavimento-del-seno-mascellare-Geistlich-Biomaterials.mp4\">https:\/\/riccardomarzola.it\/new-site\/wp-content\/uploads\/2017\/10\/Grande-rialzo-del-pavimento-del-seno-mascellare-Geistlich-Biomaterials.mp4<\/a><\/video><\/div>[\/vc_column_text][\/vc_column][\/vc_row]<\/p>\n<\/div>","protected":false},"excerpt":{"rendered":"<p>[vc_row][vc_column][vc_column_text]La procedura di grande rialzo del seno mascellare, (in lingua inglese &#8220;sinus graft&#8221;) consiste nello riempimento di parte del seno mascellare con un materiale artificiale, il cosiddetto &#8220;Biosso&#8221;, che nell&#8217;arco di 8-9 mesi si trasforma in tessuto osseo dalle caratteristiche paragonabili a quelle dell&#8217;osso nativo. Grazie a questa procedura \u00e8 possibile inserire impianti dentali anche [&hellip;]<\/p>\n","protected":false},"author":2,"featured_media":0,"parent":668,"menu_order":0,"comment_status":"closed","ping_status":"closed","template":"page_fullwidth.php","meta":{"footnotes":""},"class_list":["post-646","page","type-page","status-publish","hentry"],"_links":{"self":[{"href":"https:\/\/riccardomarzola.it\/new-site\/wp-json\/wp\/v2\/pages\/646","targetHints":{"allow":["GET"]}}],"collection":[{"href":"https:\/\/riccardomarzola.it\/new-site\/wp-json\/wp\/v2\/pages"}],"about":[{"href":"https:\/\/riccardomarzola.it\/new-site\/wp-json\/wp\/v2\/types\/page"}],"author":[{"embeddable":true,"href":"https:\/\/riccardomarzola.it\/new-site\/wp-json\/wp\/v2\/users\/2"}],"replies":[{"embeddable":true,"href":"https:\/\/riccardomarzola.it\/new-site\/wp-json\/wp\/v2\/comments?post=646"}],"version-history":[{"count":6,"href":"https:\/\/riccardomarzola.it\/new-site\/wp-json\/wp\/v2\/pages\/646\/revisions"}],"predecessor-version":[{"id":1253,"href":"https:\/\/riccardomarzola.it\/new-site\/wp-json\/wp\/v2\/pages\/646\/revisions\/1253"}],"up":[{"embeddable":true,"href":"https:\/\/riccardomarzola.it\/new-site\/wp-json\/wp\/v2\/pages\/668"}],"wp:attachment":[{"href":"https:\/\/riccardomarzola.it\/new-site\/wp-json\/wp\/v2\/media?parent=646"}],"curies":[{"name":"wp","href":"https:\/\/api.w.org\/{rel}","templated":true}]}}