{"id":644,"date":"2017-05-10T22:14:24","date_gmt":"2017-05-10T20:14:24","guid":{"rendered":"http:\/\/www.riccardomarzola.it\/new-site\/?page_id=644"},"modified":"2018-03-22T10:10:32","modified_gmt":"2018-03-22T09:10:32","slug":"mini-rialzo-del-seno-mascellare","status":"publish","type":"page","link":"https:\/\/riccardomarzola.it\/new-site\/clinici\/implantologia\/mini-rialzo-del-seno-mascellare\/","title":{"rendered":"Mini rialzo del seno mascellare"},"content":{"rendered":"<div class=\"wpb-content-wrapper\"><p>[vc_row][vc_column][vc_column_text]La procedura di mini-rialzo del seno mascellare, anche conosciuta come tecnica di Summers, si utilizza nel caso di inserimento di impianti in zona posteriore, nell&#8217;arcata superiore, quando non c&#8217;\u00e8 una quantit\u00e0 di osso sufficiente\u00a0per inserire un impianto di lunghezza adeguata, ma c&#8217;\u00e8 comunque abbastanza osso perch\u00e9 un eventuale impianto inserito sia sufficientemente stabile. Il foro per l&#8217;impianto viene realizzato normalmente fino al confine con l&#8217;inizio del seno mascellare. A questo punto, attraverso lo stesso foro con degli speciali strumenti chiamati osteotomi, viene inserito dell&#8217;osso artificiale, in forma di piccoli granuli, e si rialza in tal modo la membrana che ricopre l&#8217;interno del seno mascellare, di fatto, facendo spazio per l&#8217;innesto osseo. Terminato l&#8217;inserimento di osso si inserisce l&#8217;impianto. La guarigione completa dell&#8217;osso artificiale, o meglio la sua trasformazione in osso naturale, avviene nei successivi 6-9 mesi, durante i quali tuttavia, l&#8217;impianto, nella maggior parte dei casi, pu\u00f2 gi\u00e0 essere utilizzato grazie al fatto che risulta stabile per la presenza della piccola quantit\u00e0 di osso iniziale.<\/p>\n<p>La condizione essenziale per utilizzare questa tecnica \u00e8 pertanto rappresentata dalla presenza di una minima quantit\u00e0 ossea, di almeno 4-5 mm perch\u00e9 l&#8217;impianto inserito possa essere stabilizzato.[\/vc_column_text][vc_column_text]<\/p>\n<table>\n<tbody>\n<tr>\n<td style=\"width: 300px;\"><img loading=\"lazy\" decoding=\"async\" class=\"alignleft size-medium wp-image-749\" src=\"https:\/\/riccardomarzola.it\/new-site\/wp-content\/uploads\/2017\/05\/sinus-lift-000-300x185.png\" alt=\"\" width=\"300\" height=\"185\" srcset=\"https:\/\/riccardomarzola.it\/new-site\/wp-content\/uploads\/2017\/05\/sinus-lift-000-300x185.png 300w, https:\/\/riccardomarzola.it\/new-site\/wp-content\/uploads\/2017\/05\/sinus-lift-000.png 408w\" sizes=\"auto, (max-width: 300px) 100vw, 300px\" \/><\/td>\n<td style=\"width: 300px;\"><img loading=\"lazy\" decoding=\"async\" class=\"alignleft size-medium wp-image-743\" src=\"https:\/\/riccardomarzola.it\/new-site\/wp-content\/uploads\/2017\/05\/sinus-lift-01-300x185.png\" alt=\"\" width=\"300\" height=\"185\" srcset=\"https:\/\/riccardomarzola.it\/new-site\/wp-content\/uploads\/2017\/05\/sinus-lift-01-300x185.png 300w, https:\/\/riccardomarzola.it\/new-site\/wp-content\/uploads\/2017\/05\/sinus-lift-01.png 408w\" sizes=\"auto, (max-width: 300px) 100vw, 300px\" \/><\/td>\n<td style=\"width: 300px;\"><img loading=\"lazy\" decoding=\"async\" class=\"alignleft size-medium wp-image-741\" src=\"https:\/\/riccardomarzola.it\/new-site\/wp-content\/uploads\/2017\/05\/sinus-lift-03-300x187.png\" alt=\"\" width=\"300\" height=\"187\" srcset=\"https:\/\/riccardomarzola.it\/new-site\/wp-content\/uploads\/2017\/05\/sinus-lift-03-300x187.png 300w, https:\/\/riccardomarzola.it\/new-site\/wp-content\/uploads\/2017\/05\/sinus-lift-03.png 407w\" sizes=\"auto, (max-width: 300px) 100vw, 300px\" \/><\/td>\n<\/tr>\n<tr>\n<td>\n<p class=\"p1\">1. La quantit\u00e0 di osso tra il punto A ed il punto B non \u00e8 sufficiente per inserire un impianto di dimensioni adeguate.<\/p>\n<\/td>\n<td>\n<p class=\"p1\">2. Viene perci\u00f2 preparato un foro d&#8217;accesso nel tessuto osseo.<\/p>\n<\/td>\n<td>\n<p class=\"p1\">3. Fino ad arrivare all&#8217;inizio del seno mascellare.<\/p>\n<\/td>\n<\/tr>\n<tr>\n<td><img loading=\"lazy\" decoding=\"async\" class=\"alignleft size-medium wp-image-740\" src=\"https:\/\/riccardomarzola.it\/new-site\/wp-content\/uploads\/2017\/05\/sinus-lift-04-300x188.png\" alt=\"\" width=\"300\" height=\"188\" srcset=\"https:\/\/riccardomarzola.it\/new-site\/wp-content\/uploads\/2017\/05\/sinus-lift-04-300x188.png 300w, https:\/\/riccardomarzola.it\/new-site\/wp-content\/uploads\/2017\/05\/sinus-lift-04.png 407w\" sizes=\"auto, (max-width: 300px) 100vw, 300px\" \/><\/td>\n<td><img loading=\"lazy\" decoding=\"async\" class=\"alignleft size-medium wp-image-739\" src=\"https:\/\/riccardomarzola.it\/new-site\/wp-content\/uploads\/2017\/05\/sinus-lift-05-300x189.png\" alt=\"\" width=\"300\" height=\"189\" srcset=\"https:\/\/riccardomarzola.it\/new-site\/wp-content\/uploads\/2017\/05\/sinus-lift-05-300x189.png 300w, https:\/\/riccardomarzola.it\/new-site\/wp-content\/uploads\/2017\/05\/sinus-lift-05.png 407w\" sizes=\"auto, (max-width: 300px) 100vw, 300px\" \/><\/td>\n<td><img loading=\"lazy\" decoding=\"async\" class=\"alignleft size-medium wp-image-738\" src=\"https:\/\/riccardomarzola.it\/new-site\/wp-content\/uploads\/2017\/05\/sinus-lift-06-300x188.png\" alt=\"\" width=\"300\" height=\"188\" srcset=\"https:\/\/riccardomarzola.it\/new-site\/wp-content\/uploads\/2017\/05\/sinus-lift-06-300x188.png 300w, https:\/\/riccardomarzola.it\/new-site\/wp-content\/uploads\/2017\/05\/sinus-lift-06.png 408w\" sizes=\"auto, (max-width: 300px) 100vw, 300px\" \/><\/td>\n<\/tr>\n<tr>\n<td>\n<p class=\"p1\">4. Quindi viene sollevata delicatamente la membrana, che ricopre internamente tutto il seno mascellare.<\/p>\n<\/td>\n<td>\n<p class=\"p1\">\u00a05. Successivamente viene introdotto dell&#8217;osso artificiale all&#8217;interno del seno mascellare.<\/p>\n<\/td>\n<td>\n<p class=\"p1\">6. A questo punto viene inserito l&#8217;impianto, che viene stabilizzato grazie all&#8217;osso pre-esistente, ma che, nei mesi successivi, former\u00e0 un tutt&#8217;uno con l&#8217;innesto di osso.<\/p>\n<\/td>\n<\/tr>\n<\/tbody>\n<\/table>\n<p>[\/vc_column_text][\/vc_column][\/vc_row][vc_row][vc_column][vc_posts_slider][\/vc_column][\/vc_row][vc_row][vc_column][vc_column_text]&nbsp;<\/p>\n<table style=\"height: 5px;\" width=\"645\">\n<tbody>\n<tr>\n<td><img loading=\"lazy\" decoding=\"async\" class=\"size-medium wp-image-803 aligncenter\" src=\"https:\/\/riccardomarzola.it\/new-site\/wp-content\/uploads\/2017\/05\/mini-rialzo-prima-300x231.jpg\" alt=\"\" width=\"300\" height=\"231\" srcset=\"https:\/\/riccardomarzola.it\/new-site\/wp-content\/uploads\/2017\/05\/mini-rialzo-prima-300x231.jpg 300w, https:\/\/riccardomarzola.it\/new-site\/wp-content\/uploads\/2017\/05\/mini-rialzo-prima.jpg 620w\" sizes=\"auto, (max-width: 300px) 100vw, 300px\" \/><\/td>\n<td>\u00a0<img loading=\"lazy\" decoding=\"async\" class=\"size-medium wp-image-819 aligncenter\" src=\"https:\/\/riccardomarzola.it\/new-site\/wp-content\/uploads\/2017\/06\/mini-rialzo-dopo-300x231.jpg\" alt=\"\" width=\"300\" height=\"231\" srcset=\"https:\/\/riccardomarzola.it\/new-site\/wp-content\/uploads\/2017\/06\/mini-rialzo-dopo-300x231.jpg 300w, https:\/\/riccardomarzola.it\/new-site\/wp-content\/uploads\/2017\/06\/mini-rialzo-dopo.jpg 616w\" sizes=\"auto, (max-width: 300px) 100vw, 300px\" \/><\/td>\n<\/tr>\n<tr>\n<td style=\"width: 250px; text-align: center;\">Inadeguata quantit\u00e0 di osso residuo per inserire un impianto.<\/td>\n<td style=\"width: 250px; text-align: center;\">Con la tecnica del mini-rialzo l&#8217;impianto \u00e8 stato inserito contemporaneamente al piccolo innesto di osso.<\/td>\n<\/tr>\n<tr>\n<td style=\"width: 250px; text-align: center;\"><img loading=\"lazy\" decoding=\"async\" class=\"size-medium wp-image-1018 aligncenter\" src=\"https:\/\/riccardomarzola.it\/new-site\/wp-content\/uploads\/2017\/11\/mini-rialzo-prima-tratteggiata-300x231.jpg\" alt=\"\" width=\"300\" height=\"231\" srcset=\"https:\/\/riccardomarzola.it\/new-site\/wp-content\/uploads\/2017\/11\/mini-rialzo-prima-tratteggiata-300x231.jpg 300w, https:\/\/riccardomarzola.it\/new-site\/wp-content\/uploads\/2017\/11\/mini-rialzo-prima-tratteggiata.jpg 620w\" sizes=\"auto, (max-width: 300px) 100vw, 300px\" \/><\/td>\n<td style=\"width: 250px; text-align: center;\"><img loading=\"lazy\" decoding=\"async\" class=\"size-medium wp-image-1017 aligncenter\" src=\"https:\/\/riccardomarzola.it\/new-site\/wp-content\/uploads\/2017\/11\/mini-rialzo-dopo-tratteggiata-300x231.jpg\" alt=\"\" width=\"300\" height=\"231\" srcset=\"https:\/\/riccardomarzola.it\/new-site\/wp-content\/uploads\/2017\/11\/mini-rialzo-dopo-tratteggiata-300x231.jpg 300w, https:\/\/riccardomarzola.it\/new-site\/wp-content\/uploads\/2017\/11\/mini-rialzo-dopo-tratteggiata.jpg 616w\" sizes=\"auto, (max-width: 300px) 100vw, 300px\" \/><\/td>\n<\/tr>\n<tr>\n<td style=\"width: 250px; text-align: center;\">in giallo evidenziato il contorno della base del seno mascellare<\/td>\n<td style=\"width: 250px; text-align: center;\">in giallo evidenziata la porzione di osso innestato<\/td>\n<\/tr>\n<\/tbody>\n<\/table>\n<p>[\/vc_column_text][\/vc_column][\/vc_row]<\/p>\n<\/div>","protected":false},"excerpt":{"rendered":"<p>[vc_row][vc_column][vc_column_text]La procedura di mini-rialzo del seno mascellare, anche conosciuta come tecnica di Summers, si utilizza nel caso di inserimento di impianti in zona posteriore, nell&#8217;arcata superiore, quando non c&#8217;\u00e8 una quantit\u00e0 di osso sufficiente\u00a0per inserire un impianto di lunghezza adeguata, ma c&#8217;\u00e8 comunque abbastanza osso perch\u00e9 un eventuale impianto inserito sia sufficientemente stabile. Il foro [&hellip;]<\/p>\n","protected":false},"author":2,"featured_media":0,"parent":668,"menu_order":0,"comment_status":"closed","ping_status":"closed","template":"page_fullwidth.php","meta":{"footnotes":""},"class_list":["post-644","page","type-page","status-publish","hentry"],"_links":{"self":[{"href":"https:\/\/riccardomarzola.it\/new-site\/wp-json\/wp\/v2\/pages\/644","targetHints":{"allow":["GET"]}}],"collection":[{"href":"https:\/\/riccardomarzola.it\/new-site\/wp-json\/wp\/v2\/pages"}],"about":[{"href":"https:\/\/riccardomarzola.it\/new-site\/wp-json\/wp\/v2\/types\/page"}],"author":[{"embeddable":true,"href":"https:\/\/riccardomarzola.it\/new-site\/wp-json\/wp\/v2\/users\/2"}],"replies":[{"embeddable":true,"href":"https:\/\/riccardomarzola.it\/new-site\/wp-json\/wp\/v2\/comments?post=644"}],"version-history":[{"count":27,"href":"https:\/\/riccardomarzola.it\/new-site\/wp-json\/wp\/v2\/pages\/644\/revisions"}],"predecessor-version":[{"id":1238,"href":"https:\/\/riccardomarzola.it\/new-site\/wp-json\/wp\/v2\/pages\/644\/revisions\/1238"}],"up":[{"embeddable":true,"href":"https:\/\/riccardomarzola.it\/new-site\/wp-json\/wp\/v2\/pages\/668"}],"wp:attachment":[{"href":"https:\/\/riccardomarzola.it\/new-site\/wp-json\/wp\/v2\/media?parent=644"}],"curies":[{"name":"wp","href":"https:\/\/api.w.org\/{rel}","templated":true}]}}