{"id":629,"date":"2017-05-09T15:30:37","date_gmt":"2017-05-09T13:30:37","guid":{"rendered":"http:\/\/www.riccardomarzola.it\/new-site\/?page_id=629"},"modified":"2018-02-02T18:35:29","modified_gmt":"2018-02-02T17:35:29","slug":"629-2","status":"publish","type":"page","link":"https:\/\/riccardomarzola.it\/new-site\/clinici\/implantologia\/cosa-facciamo\/629-2\/","title":{"rendered":"Arcate Complete a supporto implantare"},"content":{"rendered":"<div class=\"wpb-content-wrapper\"><p>[vc_row][vc_column][vc_column_text]In molte situazioni cliniche particolarmente compromesse, in cui non c&#8217;\u00e8 pi\u00f9 alcuna possibilit\u00e0 di salvare nessun dente o nei casi in cui i denti siano completamente assenti, \u00e8 possibile oggi, tramite gli impianti dentali, ripristinare la funzione masticatoria cos\u00ec come l&#8217;estetica e la fonetica, realizzando delle protesi che riproducono un&#8217;intera arcata dentale.<\/p>\n<h3>riabilitazione completa di entrambe le arcate con impianti dentali<\/h3>\n<p>&nbsp;<\/p>\n<div class=\"juxtapose\" data-startingposition=\"50\" data-showlabels=\"1\" data-showcredits=\"1\" data-animate=\"1\" data-mode=\"horizontal\" style=\"width: ;\">\r\n\t\t  <img decoding=\"async\" src=\"https:\/\/riccardomarzola.it\/new-site\/wp-content\/uploads\/2017\/07\/caso-impianti-full-arch-prima.jpg\" data-label=\"prima\" data-credit=\"\">\r\n\t\t  <img decoding=\"async\" src=\"https:\/\/riccardomarzola.it\/new-site\/wp-content\/uploads\/2017\/07\/caso-impianti-full-arch-finale.jpg\" data-label=\"dopo\" data-credit=\"\">\r\n\t\t<\/div>[\/vc_column_text][\/vc_column][\/vc_row][vc_row][vc_column][vc_column_text]<\/p>\n<table style=\"height: 132px;\" width=\"337\">\n<tbody>\n<tr>\n<td><a href=\"https:\/\/riccardomarzola.it\/new-site\/wp-content\/uploads\/2017\/07\/caso-impianti-full-arch-prima.jpg\"><img loading=\"lazy\" decoding=\"async\" class=\"aligncenter wp-image-869 size-medium\" src=\"https:\/\/riccardomarzola.it\/new-site\/wp-content\/uploads\/2017\/07\/caso-impianti-full-arch-prima-300x192.jpg\" alt=\"\" width=\"300\" height=\"192\" srcset=\"https:\/\/riccardomarzola.it\/new-site\/wp-content\/uploads\/2017\/07\/caso-impianti-full-arch-prima-300x192.jpg 300w, https:\/\/riccardomarzola.it\/new-site\/wp-content\/uploads\/2017\/07\/caso-impianti-full-arch-prima.jpg 462w\" sizes=\"auto, (max-width: 300px) 100vw, 300px\" \/><\/a><\/td>\n<td><a href=\"https:\/\/riccardomarzola.it\/new-site\/wp-content\/uploads\/2017\/07\/caso-impianti-full-arch-finale.jpg\"><img loading=\"lazy\" decoding=\"async\" class=\"aligncenter wp-image-867 size-medium\" src=\"https:\/\/riccardomarzola.it\/new-site\/wp-content\/uploads\/2017\/07\/caso-impianti-full-arch-finale-300x192.jpg\" alt=\"\" width=\"300\" height=\"192\" srcset=\"https:\/\/riccardomarzola.it\/new-site\/wp-content\/uploads\/2017\/07\/caso-impianti-full-arch-finale-300x192.jpg 300w, https:\/\/riccardomarzola.it\/new-site\/wp-content\/uploads\/2017\/07\/caso-impianti-full-arch-finale.jpg 445w\" sizes=\"auto, (max-width: 300px) 100vw, 300px\" \/><\/a><\/td>\n<\/tr>\n<tr>\n<td style=\"text-align: center;\">prima<\/td>\n<td style=\"text-align: center;\">dopo<\/td>\n<\/tr>\n<tr>\n<td><a href=\"https:\/\/riccardomarzola.it\/new-site\/wp-content\/uploads\/2017\/07\/caso-impianti-full-arch-prima-rx.jpg\"><img loading=\"lazy\" decoding=\"async\" class=\"aligncenter wp-image-868 size-medium\" src=\"https:\/\/riccardomarzola.it\/new-site\/wp-content\/uploads\/2017\/07\/caso-impianti-full-arch-prima-rx-300x178.jpg\" alt=\"\" width=\"300\" height=\"178\" srcset=\"https:\/\/riccardomarzola.it\/new-site\/wp-content\/uploads\/2017\/07\/caso-impianti-full-arch-prima-rx-300x178.jpg 300w, https:\/\/riccardomarzola.it\/new-site\/wp-content\/uploads\/2017\/07\/caso-impianti-full-arch-prima-rx.jpg 500w\" sizes=\"auto, (max-width: 300px) 100vw, 300px\" \/><\/a><\/td>\n<td><a href=\"https:\/\/riccardomarzola.it\/new-site\/wp-content\/uploads\/2017\/07\/caso-impianti-full-arch-dopo-rx.jpg\"><img loading=\"lazy\" decoding=\"async\" class=\"aligncenter wp-image-866 size-medium\" src=\"https:\/\/riccardomarzola.it\/new-site\/wp-content\/uploads\/2017\/07\/caso-impianti-full-arch-dopo-rx-300x147.jpg\" alt=\"\" width=\"300\" height=\"147\" srcset=\"https:\/\/riccardomarzola.it\/new-site\/wp-content\/uploads\/2017\/07\/caso-impianti-full-arch-dopo-rx-300x147.jpg 300w, https:\/\/riccardomarzola.it\/new-site\/wp-content\/uploads\/2017\/07\/caso-impianti-full-arch-dopo-rx.jpg 500w\" sizes=\"auto, (max-width: 300px) 100vw, 300px\" \/><\/a><\/td>\n<\/tr>\n<tr>\n<td style=\"text-align: center;\">prima<\/td>\n<td style=\"text-align: center;\">dopo<\/p>\n<p>l&#8217;arcata superiore \u00e8 stata trattata con una protesi su 4 impianti con la metodica All on Four.<\/p>\n<p>l&#8217;arcata inferiore con protesi ibrida su 5 impianti.<\/td>\n<\/tr>\n<tr>\n<td><a href=\"https:\/\/riccardomarzola.it\/new-site\/wp-content\/uploads\/2017\/07\/caso-impianti-full-arch-sorriso-finale.jpg\"><img loading=\"lazy\" decoding=\"async\" class=\"aligncenter wp-image-870 size-medium\" src=\"https:\/\/riccardomarzola.it\/new-site\/wp-content\/uploads\/2017\/07\/caso-impianti-full-arch-sorriso-finale-300x164.jpg\" alt=\"\" width=\"300\" height=\"164\" srcset=\"https:\/\/riccardomarzola.it\/new-site\/wp-content\/uploads\/2017\/07\/caso-impianti-full-arch-sorriso-finale-300x164.jpg 300w, https:\/\/riccardomarzola.it\/new-site\/wp-content\/uploads\/2017\/07\/caso-impianti-full-arch-sorriso-finale.jpg 455w\" sizes=\"auto, (max-width: 300px) 100vw, 300px\" \/><\/a><\/td>\n<td><a href=\"https:\/\/riccardomarzola.it\/new-site\/wp-content\/uploads\/2018\/01\/IMG_6017-e1516091279306.jpg\"><img loading=\"lazy\" decoding=\"async\" class=\"aligncenter wp-image-1064 size-medium\" src=\"https:\/\/riccardomarzola.it\/new-site\/wp-content\/uploads\/2018\/01\/IMG_6017-e1516091279306-300x203.jpg\" alt=\"\" width=\"300\" height=\"203\" srcset=\"https:\/\/riccardomarzola.it\/new-site\/wp-content\/uploads\/2018\/01\/IMG_6017-e1516091279306-300x203.jpg 300w, https:\/\/riccardomarzola.it\/new-site\/wp-content\/uploads\/2018\/01\/IMG_6017-e1516091279306-768x519.jpg 768w, https:\/\/riccardomarzola.it\/new-site\/wp-content\/uploads\/2018\/01\/IMG_6017-e1516091279306-1024x692.jpg 1024w, https:\/\/riccardomarzola.it\/new-site\/wp-content\/uploads\/2018\/01\/IMG_6017-e1516091279306-750x507.jpg 750w, https:\/\/riccardomarzola.it\/new-site\/wp-content\/uploads\/2018\/01\/IMG_6017-e1516091279306.jpg 1479w\" sizes=\"auto, (max-width: 300px) 100vw, 300px\" \/><\/a><\/td>\n<\/tr>\n<tr>\n<td style=\"text-align: center;\">il nuovo sorriso<\/td>\n<td style=\"text-align: center;\">vista laterale intraorale del caso finito<\/td>\n<\/tr>\n<\/tbody>\n<\/table>\n<p>[\/vc_column_text][\/vc_column][\/vc_row][vc_row][vc_column][vc_column_text]<\/p>\n<h3>riabilitazione completa di entrambe le arcate con impianti dentali con protesi fisse a completo supporto implantare<\/h3>\n<h3>\t\t<div class=\"juxtapose\" data-startingposition=\"50\" data-showlabels=\"1\" data-showcredits=\"1\" data-animate=\"1\" data-mode=\"horizontal\" style=\"width: ;\">\r\n\t\t  <img decoding=\"async\" src=\"https:\/\/riccardomarzola.it\/new-site\/wp-content\/uploads\/2018\/01\/cesari-02.jpg\" data-label=\"\" data-credit=\"\">\r\n\t\t  <img decoding=\"async\" src=\"https:\/\/riccardomarzola.it\/new-site\/wp-content\/uploads\/2018\/01\/DSC_0254.jpg\" data-label=\"\" data-credit=\"\">\r\n\t\t<\/div><\/h3>\n<p>[\/vc_column_text][\/vc_column][\/vc_row]<\/p>\n<\/div>","protected":false},"excerpt":{"rendered":"<p>[vc_row][vc_column][vc_column_text]In molte situazioni cliniche particolarmente compromesse, in cui non c&#8217;\u00e8 pi\u00f9 alcuna possibilit\u00e0 di salvare nessun dente o nei casi in cui i denti siano completamente assenti, \u00e8 possibile oggi, tramite gli impianti dentali, ripristinare la funzione masticatoria cos\u00ec come l&#8217;estetica e la fonetica, realizzando delle protesi che riproducono un&#8217;intera arcata dentale. riabilitazione completa di [&hellip;]<\/p>\n","protected":false},"author":2,"featured_media":0,"parent":179,"menu_order":0,"comment_status":"closed","ping_status":"closed","template":"page_fullwidth.php","meta":{"footnotes":""},"class_list":["post-629","page","type-page","status-publish","hentry"],"_links":{"self":[{"href":"https:\/\/riccardomarzola.it\/new-site\/wp-json\/wp\/v2\/pages\/629","targetHints":{"allow":["GET"]}}],"collection":[{"href":"https:\/\/riccardomarzola.it\/new-site\/wp-json\/wp\/v2\/pages"}],"about":[{"href":"https:\/\/riccardomarzola.it\/new-site\/wp-json\/wp\/v2\/types\/page"}],"author":[{"embeddable":true,"href":"https:\/\/riccardomarzola.it\/new-site\/wp-json\/wp\/v2\/users\/2"}],"replies":[{"embeddable":true,"href":"https:\/\/riccardomarzola.it\/new-site\/wp-json\/wp\/v2\/comments?post=629"}],"version-history":[{"count":24,"href":"https:\/\/riccardomarzola.it\/new-site\/wp-json\/wp\/v2\/pages\/629\/revisions"}],"predecessor-version":[{"id":1203,"href":"https:\/\/riccardomarzola.it\/new-site\/wp-json\/wp\/v2\/pages\/629\/revisions\/1203"}],"up":[{"embeddable":true,"href":"https:\/\/riccardomarzola.it\/new-site\/wp-json\/wp\/v2\/pages\/179"}],"wp:attachment":[{"href":"https:\/\/riccardomarzola.it\/new-site\/wp-json\/wp\/v2\/media?parent=629"}],"curies":[{"name":"wp","href":"https:\/\/api.w.org\/{rel}","templated":true}]}}