{"id":445,"date":"2017-03-27T22:14:47","date_gmt":"2017-03-27T20:14:47","guid":{"rendered":"http:\/\/www.riccardomarzola.it\/new-site\/?page_id=445"},"modified":"2019-06-04T16:07:39","modified_gmt":"2019-06-04T14:07:39","slug":"lo-studio-2","status":"publish","type":"page","link":"https:\/\/riccardomarzola.it\/new-site\/lo-studio-2\/","title":{"rendered":"lo studio"},"content":{"rendered":"<div class=\"wpb-content-wrapper\"><p>[vc_row][vc_column][vc_column_text]Lo studio si avvale della collaborazione di specialisti e di personale altamente qualificato, inoltre \u00e8 dotato delle pi\u00f9 moderne tecnologie e di una struttura ampia e confortevole nel centro di Ferrara. Particolare attenzione \u00e8 rivolta alla Sicurezza dei pazienti e del personale attraverso un rigido protocollo di disinfezione e sterilizzazione degli strumenti ed attrezzature.[\/vc_column_text][\/vc_column][\/vc_row][vc_row][vc_column][vc_column_text]<\/p>\n<table style=\"height: 137px;\" width=\"365\">\n<tbody>\n<tr>\n<td style=\"text-align: center;\"><span style=\"color: #333333;\"><a style=\"color: #333333;\" href=\"https:\/\/riccardomarzola.it\/new-site\/lo-studio-2\/collaboratori\/\"><strong>Organigramma<\/strong><\/a><\/span><\/td>\n<td style=\"text-align: center;\"><span style=\"color: #333333;\"><a style=\"color: #333333;\" href=\"https:\/\/riccardomarzola.it\/new-site\/lo-studio-2\/strumentazione\/\"><strong>Strumentazione<\/strong><\/a><\/span><\/td>\n<td style=\"text-align: center;\"><span style=\"color: #333333;\"><a style=\"color: #333333;\" href=\"https:\/\/riccardomarzola.it\/new-site\/lo-studio-2\/sicurezza\/\"><strong>Sicurezza<\/strong><\/a><\/span><\/td>\n<\/tr>\n<tr>\n<td style=\"text-align: center;\"><a href=\"https:\/\/riccardomarzola.it\/new-site\/lo-studio-2\/collaboratori\/\"><img loading=\"lazy\" decoding=\"async\" class=\"alignnone wp-image-727 size-full\" src=\"https:\/\/riccardomarzola.it\/new-site\/wp-content\/uploads\/2017\/05\/organigramma-e1495210817426.png\" alt=\"\" width=\"70\" height=\"68\" \/><\/a><\/td>\n<td style=\"text-align: center;\"><a href=\"https:\/\/riccardomarzola.it\/new-site\/lo-studio-2\/strumentazione\/\"><img loading=\"lazy\" decoding=\"async\" class=\"alignnone wp-image-723 size-full\" src=\"https:\/\/riccardomarzola.it\/new-site\/wp-content\/uploads\/2017\/05\/dental-strumentazione-e1495210410401.png\" alt=\"\" width=\"45\" height=\"61\" \/><\/a><\/td>\n<td style=\"text-align: center;\"><a href=\"https:\/\/riccardomarzola.it\/new-site\/lo-studio-2\/sicurezza\/\"><img loading=\"lazy\" decoding=\"async\" class=\"alignnone wp-image-725 size-full\" src=\"https:\/\/riccardomarzola.it\/new-site\/wp-content\/uploads\/2017\/05\/Sicurezza-e1495210444626.png\" alt=\"\" width=\"38\" height=\"55\" \/><\/a><\/td>\n<\/tr>\n<\/tbody>\n<\/table>\n<p>[\/vc_column_text][\/vc_column][\/vc_row][vc_row][vc_column][vc_column_text]<\/p>\n<h2 style=\"text-align: left;\"><span style=\"font-family: 'arial black', sans-serif;\"><strong>Come Raggiungerci<\/strong><\/span><\/h2>\n<table class=\"alignleft\" style=\"width: 567px; height: 794px;\" border=\"1\">\n<tbody>\n<tr>\n<td style=\"text-align: center;\"><strong>in auto col navigatore<img loading=\"lazy\" decoding=\"async\" class=\"alignleft size-full wp-image-975\" src=\"https:\/\/riccardomarzola.it\/new-site\/wp-content\/uploads\/2017\/10\/car-e1508333971375.png\" alt=\"\" width=\"121\" height=\"84\" \/><\/strong><\/td>\n<td style=\"text-align: center;\"><strong>a piedi dalla stazione<\/strong><\/p>\n<p><strong><img loading=\"lazy\" decoding=\"async\" class=\"size-full wp-image-976\" src=\"https:\/\/riccardomarzola.it\/new-site\/wp-content\/uploads\/2017\/10\/pedone-e1508333987290.png\" alt=\"\" width=\"140\" height=\"118\" \/><\/strong><\/td>\n<td style=\"text-align: center;\"><strong>\u00a0parcheggio<\/strong><\/p>\n<p><strong><img loading=\"lazy\" decoding=\"async\" class=\"size-full wp-image-977\" src=\"https:\/\/riccardomarzola.it\/new-site\/wp-content\/uploads\/2017\/10\/parking.jpg\" alt=\"\" width=\"140\" height=\"117\" \/><\/strong><\/td>\n<\/tr>\n<tr>\n<td style=\"text-align: center;\">\n<p style=\"text-align: left;\">Impostare il navigatore su: via contrada di Borgoricco.<\/p>\n<p style=\"text-align: left;\">Alla fine di via contrada di Borgoricco si arriva in Piazza Cortevecchia cio\u00e8 proprio davanti al nostro studio a cui si accede, dal\u00a0\u00a0sottopassaggio che collega la piazza stessa con via Giuseppe Garibaldi.<\/p>\n<\/td>\n<td style=\"text-align: left;\">Lo studio pu\u00f2 essere raggiunto in circa 10-15 minuti a piedi dalla Stazione Ferroviaria. Usciti dalla stazione tenere la sinistra, percorrere la strada (viale San Giacomo) fino al semaforo. Proseguire dritto per viale Cavour fino all&#8217;incrocio con corso Isonzo, quindi girare a destra.\u00a0 Proseguire per corso Isonzo\u00a0e girare quindi a sinistra in via Garibaldi. Percorrere tutta via Garibaldi fino a pochi metri dal volto che da accesso alla piazza Municipale. Il nostro studio lo troverete sulla destra e vi si accede dal sottopassaggio che collega via Garibaldi con piazza Cortevecchia.<\/td>\n<td style=\"text-align: left;\">In via Contrada di Borgoricco, sulla destra c&#8217;\u00e8 un grande parcheggio coperto, a pagamento, con pi\u00f9 di 100 posti. E&#8217; possibile anche parcheggiare nelle vicinanze in via Cortevecchia, via Santo Stefano,\u00a0 Piazza Sacrati o\u00a0 Piazzale Kennedy anche utilizzando l&#8217;app telepasspay.<\/p>\n<p>&nbsp;<\/td>\n<\/tr>\n<\/tbody>\n<\/table>\n<p>[\/vc_column_text][\/vc_column][\/vc_row]<\/p>\n<\/div>","protected":false},"excerpt":{"rendered":"<p>[vc_row][vc_column][vc_column_text]Lo studio si avvale della collaborazione di specialisti e di personale altamente qualificato, inoltre \u00e8 dotato delle pi\u00f9 moderne tecnologie e di una struttura ampia e confortevole nel centro di Ferrara. Particolare attenzione \u00e8 rivolta alla Sicurezza dei pazienti e del personale attraverso un rigido protocollo di disinfezione e sterilizzazione degli strumenti ed attrezzature.[\/vc_column_text][\/vc_column][\/vc_row][vc_row][vc_column][vc_column_text] Organigramma [&hellip;]<\/p>\n","protected":false},"author":2,"featured_media":0,"parent":0,"menu_order":0,"comment_status":"closed","ping_status":"closed","template":"page_fullwidth.php","meta":{"footnotes":""},"class_list":["post-445","page","type-page","status-publish","hentry"],"_links":{"self":[{"href":"https:\/\/riccardomarzola.it\/new-site\/wp-json\/wp\/v2\/pages\/445","targetHints":{"allow":["GET"]}}],"collection":[{"href":"https:\/\/riccardomarzola.it\/new-site\/wp-json\/wp\/v2\/pages"}],"about":[{"href":"https:\/\/riccardomarzola.it\/new-site\/wp-json\/wp\/v2\/types\/page"}],"author":[{"embeddable":true,"href":"https:\/\/riccardomarzola.it\/new-site\/wp-json\/wp\/v2\/users\/2"}],"replies":[{"embeddable":true,"href":"https:\/\/riccardomarzola.it\/new-site\/wp-json\/wp\/v2\/comments?post=445"}],"version-history":[{"count":27,"href":"https:\/\/riccardomarzola.it\/new-site\/wp-json\/wp\/v2\/pages\/445\/revisions"}],"predecessor-version":[{"id":1373,"href":"https:\/\/riccardomarzola.it\/new-site\/wp-json\/wp\/v2\/pages\/445\/revisions\/1373"}],"wp:attachment":[{"href":"https:\/\/riccardomarzola.it\/new-site\/wp-json\/wp\/v2\/media?parent=445"}],"curies":[{"name":"wp","href":"https:\/\/api.w.org\/{rel}","templated":true}]}}