{"id":326,"date":"2017-03-25T12:04:07","date_gmt":"2017-03-25T11:04:07","guid":{"rendered":"http:\/\/www.riccardomarzola.it\/new-site\/?page_id=326"},"modified":"2018-09-05T18:00:44","modified_gmt":"2018-09-05T16:00:44","slug":"clinici","status":"publish","type":"page","link":"https:\/\/riccardomarzola.it\/new-site\/clinici\/","title":{"rendered":"Cosa Facciamo"},"content":{"rendered":"<div class=\"wpb-content-wrapper\"><p>[vc_row][vc_column][vc_column_text]&nbsp;<\/p>\n<p style=\"text-align: center;\"><span style=\"color: #000000;\"><strong><a style=\"color: #000000;\" href=\"https:\/\/riccardomarzola.it\/new-site\/clinici\/prima-visita\/\">PRIMA VISITA<\/a><\/strong><\/span><\/p>\n<p><img loading=\"lazy\" decoding=\"async\" class=\"size-full wp-image-720 aligncenter\" src=\"https:\/\/riccardomarzola.it\/new-site\/wp-content\/uploads\/2017\/03\/Prevenzione-e1495209186753.png\" alt=\"\" width=\"40\" height=\"58\" \/><\/p>\n<p>Dopo i primi contatti telefonici o via email, viene programmato il primo appuntamento nel quale viene richiesto al paziente di portare tutte le radiografie di cui sia eventualmente in possesso. Una volta in studio, viene richiesto al paziente di compilare una serie di moduli volti a determinare l&#8217;esatto stato di salute, l&#8217;eventuale assunzione di farmaci e la storia odontoiatrica precedente.[\/vc_column_text][vc_column_text]<\/p>\n<p style=\"text-align: center;\">\u00a0<span style=\"color: #000000;\"><strong>IMPLANTOLOGIA<\/strong><\/span><\/p>\n<p style=\"text-align: center;\"><img loading=\"lazy\" decoding=\"async\" class=\"alignnone wp-image-652 size-full\" src=\"https:\/\/riccardomarzola.it\/new-site\/wp-content\/uploads\/2017\/05\/impianti-e1495190200614.png\" alt=\"\" width=\"30\" height=\"60\" \/><\/p>\n<p>[\/vc_column_text][vc_column_text]<\/p>\n<p align=\"justify\"><span style=\"color: #000000;\"><a style=\"color: #000000;\" href=\"https:\/\/riccardomarzola.it\/new-site\/cosa-facciamo\/\"><strong>Impianti Dentali<\/strong><\/a><strong><br \/>\n<\/strong><\/span>Sono viti di titanio che, funzionando come radici, servono da ancoraggio per denti artificiali che sostituiscono, senza interessare la dentatura residua, i denti mancanti.<\/p>\n<p>[\/vc_column_text][vc_column_text]<span style=\"color: #000000;\"><a style=\"color: #000000;\" href=\"https:\/\/riccardomarzola.it\/new-site\/clinici\/mini-rialzo-del-seno-mascellare\/\"><strong>Mini Rialzo del seno mascellare<\/strong><\/a><\/span><\/p>\n<p>Anche conosciuta come tecnica di Summers, consiste nell&#8217;inserimento di un impianto nella zona posteriore dell&#8217;arcata superiore, con contemporaneo innesto di osso all&#8217;interno del seno mascellare.[\/vc_column_text][vc_column_text]<span style=\"color: #000000;\"><a style=\"color: #000000;\" href=\"https:\/\/riccardomarzola.it\/new-site\/clinici\/grande-rialzo-del-seno-mascellare\/\"><strong>Grande Rialzo del Seno Mascellare<\/strong><\/a><\/span><\/p>\n<p>La tecnica consiste, in assenza di osso sufficiente per potere inserire impianti nell&#8217;arcata superiore, nell&#8217;innestare osso artificiale all&#8217;interno del seno mascellare per poi poter inserire, a guarigione avvenuta (circa 6-9 mesi dopo), \u00a0degli\u00a0impianti dentali anche\u00a0laddove non c&#8217;era inizialmente osso a sufficienza.[\/vc_column_text][vc_column_text]<\/p>\n<p style=\"text-align: center;\"><span style=\"color: #000000;\"><strong>PROTESI FISSA<\/strong><\/span><\/p>\n<p style=\"text-align: center;\"><img loading=\"lazy\" decoding=\"async\" class=\"alignnone wp-image-656 size-full\" src=\"https:\/\/riccardomarzola.it\/new-site\/wp-content\/uploads\/2017\/05\/Protesi-fissa-e1495190244893.png\" alt=\"\" width=\"29\" height=\"61\" \/><\/p>\n<p>[\/vc_column_text][\/vc_column][\/vc_row][vc_row][vc_column][vc_column_text]<span style=\"color: #000000;\"><a style=\"color: #000000;\" href=\"https:\/\/riccardomarzola.it\/new-site\/faccette\/\"><strong>Faccette<\/strong><\/a><\/span><strong><br \/>\n<\/strong>Le faccette sono sottili restauri in ceramica (in genere circa mezzo millimetro di spessore) che vengono incollate con speciali cementi alla superficie esterna del dente modificandone forma e colore e consentendo di ottimizzare in modo poco invasivo il risultato sia estetico che funzionale.[\/vc_column_text][\/vc_column][\/vc_row][vc_row][vc_column][vc_column_text]<strong><span style=\"color: #000000;\"><a style=\"color: #000000;\" href=\"https:\/\/riccardomarzola.it\/new-site\/clinici\/protesi-fissa-2\/intarsi\/\">Intarsi<\/a><\/span><br \/>\n<\/strong>Sono porzioni artificiali di dente applicate usate in caso di carie o frattura che vengono fabbricate in laboratorio, con l\u2019utilizzo del microscopio o di avanzate tecnologie computerizzate, e che vengono poi cementate con particolari adesivi alla porzione di dente residuo. Posso essere realizzati in oro, resine composite o ceramica.[\/vc_column_text][\/vc_column][\/vc_row][vc_row][vc_column][vc_column_text]<span style=\"color: #000000;\"><a style=\"color: #000000;\" href=\"https:\/\/riccardomarzola.it\/new-site\/clinici\/protesi-fissa-2\/corone\/\"><strong>Corone<\/strong><\/a><\/span><br \/>\nSono strutture artificiali (meno propriamente definite anche capsule) che ripristinano la mancanza di parti del dente circondandone la parte rimanente con un materiale quale, oro, ceramica, zirconio o una combinazione di essi.[\/vc_column_text][\/vc_column][\/vc_row][vc_row][vc_column][vc_column_text]<span style=\"color: #000000;\"><a style=\"color: #000000;\" href=\"https:\/\/riccardomarzola.it\/new-site\/clinici\/protesi-fissa-2\/ponti\/\"><strong>Ponti<\/strong><\/a><\/span><strong><br \/>\n<\/strong>Sono protesi dentali fissate ai denti naturali atte a sostituire i denti mancanti. Possono essere realizzate in metallo, metallo e ceramica o metallo e resine, zirconia e ceramica, oppure in modo monolitico ovvero completamente in\u00a0zirconia o c resina\u00a0.[\/vc_column_text][\/vc_column][\/vc_row][vc_row][vc_column][vc_column_text]<strong><span style=\"color: #000000;\"><a style=\"color: #000000;\" href=\"https:\/\/riccardomarzola.it\/new-site\/pagina-di-esempio\/\">Riabilitazioni<\/a><\/span><br \/>\n<\/strong>Per riabilitazioni si intendono quelle condizioni cliniche in cui tutti o quasi tutti i denti sono coinvolti nel trattamento. In questi casi il compito del protesista non \u00e8 semplicemente di sostituire i denti mancanti con protesi artificiali ma di ricostituire tutta la funzione masticatoria, l\u2019armonia estetica delle forme dentali e l\u2019efficienza fonetica.[\/vc_column_text][vc_column_text]<span style=\"color: #000000;\"><a style=\"color: #000000;\" href=\"https:\/\/riccardomarzola.it\/new-site\/clinici\/protesi-fissa-2\/bite\/\"><strong>Bite<\/strong><\/a><\/span><\/p>\n<p>Apparecchio dentale rimovibile, generalmente\u00a0 realizzato in resina acrilica,\u00a0 che minimizza gli effetti negativi derivanti dal digrignamento notturno e\/o diurno\u00a0 (bruxismo) e dai disturbi dell&#8217;occlusione. Spesso definito con il termine inglese nightguard.[\/vc_column_text][vc_column_text]<\/p>\n<p style=\"text-align: center;\"><span style=\"color: #000000;\"><strong>CONSERVATIVA<\/strong><\/span><\/p>\n<p style=\"text-align: center;\"><img loading=\"lazy\" decoding=\"async\" class=\"alignnone wp-image-657 size-full\" src=\"https:\/\/riccardomarzola.it\/new-site\/wp-content\/uploads\/2017\/05\/conservativa-e1495190251263.png\" alt=\"\" width=\"30\" height=\"60\" \/><\/p>\n<p>[\/vc_column_text][\/vc_column][\/vc_row][vc_row][vc_column][vc_column_text]<strong><span style=\"color: #000000;\">Sbiancamento<\/span><br \/>\n<\/strong>Consiste nell\u2019applicazione sulla superficie dei denti, di particolari prodotti che vengono poi ativati da una speciale lampada e determinano una variazione di colore rendendo i denti stessi pi\u00f9 bianchi.[\/vc_column_text][\/vc_column][\/vc_row][vc_row][vc_column][vc_column_text]<strong><span style=\"color: #000000;\">Otturazioni<\/span><br \/>\n<\/strong>Sono porzioni artificiali di dente applicate al dente residuo in caso di carie o frattura direttamente in unica seduta in studio.[\/vc_column_text][vc_column_text]<\/p>\n<p style=\"text-align: center;\"><span style=\"color: #000000;\"><strong>PARODONTOLOGIA<\/strong><\/span><\/p>\n<p style=\"text-align: center;\"><img loading=\"lazy\" decoding=\"async\" class=\"size-full wp-image-776 aligncenter\" src=\"https:\/\/riccardomarzola.it\/new-site\/wp-content\/uploads\/2017\/05\/perio2-e1495697802527.png\" alt=\"\" width=\"80\" height=\"67\" \/><\/p>\n<p>[\/vc_column_text][vc_column_text]<a href=\"https:\/\/riccardomarzola.it\/new-site\/clinici\/parodontologia-2\/parodontologia\/\"><span style=\"color: #000000;\"><strong style=\"color: #000000;\">Chirurgia Mucogengivale-Terapia delle recessioni<\/strong><\/span><\/a><br \/>\n<span style=\"color: #000000;\">Si occupa della\u00a0ricostruzione del tessuto gengivale in seguito.\u00a0Consiste principalmente nel prelevare porzioni d<\/span>i tessuto da sotto la mucosa del palato, per trapiantarle nelle zone in cui la gengiva si \u00e8 per qualche motivo ritirata.[\/vc_column_text][vc_column_text]<span style=\"color: #000000;\"><strong>Chirurgia Ossea Parodontale Rigenerativa<\/strong><\/span><\/p>\n<p>La chirurgia parodontale di tipo ricostruttivo si occupa della eliminazione dei difetti ossei attraverso l&#8217;utilizzo di tecniche di &#8220;riempimento&#8221;. In pratica i difetti dell&#8217;osso, che semplificando posso essere definiti come buchi o mancanze, vengono riempiti con osso artificiale, osso autologo (cio\u00e8 prelevato dallo stesso paziente in altri siti) o attraverso metodiche che con l&#8217;utilizzo di membrane stimolano la crescita dell&#8217;osso nativo.[\/vc_column_text][vc_column_text]<span style=\"color: #000000;\"><strong>Chirurgia Ossea Parodontale Resettiva<\/strong><\/span><\/p>\n<p>La chirurgia ossea resettiva\u00a0si basa sulla rimozione selettiva di porzioni di tessuto\u00a0osseo al fine di modificare l\u2019architettura del tessuto osseo stesso ricreando una morfologia armonica ed eliminando i dislivelli ossei presenti nelle tasche parodontali. Per questo motivo ci si riferisce spesso a questo tipo di chirurgia come chirurgia di eliminazione delle tasche.[\/vc_column_text][\/vc_column][\/vc_row][vc_row][vc_column][vc_column_text]<\/p>\n<p style=\"text-align: center;\"><span style=\"color: #000000;\"><strong>PROTESI MOBILE<\/strong><\/span><\/p>\n<p style=\"text-align: center;\"><img loading=\"lazy\" decoding=\"async\" class=\"alignnone wp-image-655 size-full\" src=\"https:\/\/riccardomarzola.it\/new-site\/wp-content\/uploads\/2017\/05\/protesi-mobile-e1495190232551.png\" alt=\"\" width=\"47\" height=\"57\" \/><\/p>\n<p style=\"text-align: left;\">La tradizionale dentiera e lo scheletrato rimangono una valida alternativa di trattamento in taluni casi in cui, per scelta o condizioni cliniche, non si opti per una soluzione fissa.<\/p>\n<p>[\/vc_column_text][\/vc_column][\/vc_row][vc_row][vc_column][vc_column_text]<strong>Protesi Parziale Rimovibile (Scheletrato)<\/strong><\/p>\n<p>\u00c8 una protesi\u00a0mobile, costruita in\u00a0 genere in cromo\/cobalto, che sfruttando l&#8217;elasticit\u00e0 propria di questa lega, permette di agganciarsi ai denti\u00a0naturali tramite dei ganci e serve alla sostituzione di denti mancanti quando sono presenti ancora alcuni elementi residui.[\/vc_column_text][vc_column_text]<strong><span style=\"color: #000000;\"><a style=\"color: #000000;\" href=\"https:\/\/riccardomarzola.it\/new-site\/clinici\/protesi-mobile-2\/\">Protesi<\/a>\u00a0Totale (Dentiera)\u00a0<\/span><br \/>\n<\/strong>Nei casi di riassorbimento osseo pi\u00f9 marcato l&#8217;instabilit\u00e0 delle protesi viene risolta con l&#8217;inserimento di impianti e la realizzazione delle cos\u00ecdette \u201coverdentures\u201d. Mediante degli attacchi simili a bottoni automatici le dentiere vengono ancorate agli impianti e diventano molto stabili e sicure. Tale trattamento viene oggi eseguito routinariamente a carico immediato, ovvero, nella stessa seduta chirurgica di inserimento degli impianti, vengono connessi gli attacchi e il paziente pu\u00f2, durante il periodo di guarigione (tre mesi circa), avere la protesi stabile e sicura. I denti vengono individualizzati e disposti in modo da ottenere un&#8217;estetica ed una funzione fonetica e masticatoria ottimale per il singolo paziente.[\/vc_column_text][vc_column_text]<\/p>\n<p style=\"text-align: center;\"><span style=\"color: #000000;\"><a style=\"color: #000000;\" href=\"https:\/\/riccardomarzola.it\/new-site\/clinici\/ortodonzia-2\/\"><strong>ORTODONZIA<\/strong><\/a><\/span><\/p>\n<p style=\"text-align: center;\"><a href=\"https:\/\/riccardomarzola.it\/new-site\/clinici\/ortodonzia-2\/\"><img loading=\"lazy\" decoding=\"async\" class=\"alignnone wp-image-653 size-full\" src=\"https:\/\/riccardomarzola.it\/new-site\/wp-content\/uploads\/2017\/05\/ortodonzia-e1495190212162.png\" alt=\"\" width=\"45\" height=\"54\" \/><\/a><\/p>\n<p>[\/vc_column_text][\/vc_column][\/vc_row][vc_row][vc_column][vc_column_text]I trattamenti ortodontici possono essere suddivisi al giorno d&#8217;oggi in due grandi categorie:<\/p>\n<p><span style=\"color: #000000;\"><strong>Ortodonzia invisibile<\/strong><\/span><\/p>\n<p>Basata solo sull&#8217;utilizzo di mascherine trasparenti e rimovibili SENZA APPARECCHI FISSI.[\/vc_column_text][vc_column_text]<span style=\"color: #000000;\"><strong>Ortodonzia Tradizionale.<\/strong><\/span><\/p>\n<p>Basata sull&#8217;utilizzo di brackets (le &#8220;piastrine&#8221; che vengono incollate ai denti) e fili ortodontici per ottenere gli spostamenti desiderati cos\u00ec come dei veri e propri &#8220;apparecchi&#8221; in resina.[\/vc_column_text][\/vc_column][\/vc_row][vc_row][vc_column][vc_column_text]<\/p>\n<p style=\"text-align: center;\"><span style=\"color: #000000;\"><strong>PREVENZIONE<\/strong><\/span><\/p>\n<p style=\"text-align: center;\"><img loading=\"lazy\" decoding=\"async\" class=\"size-full wp-image-1224\" src=\"https:\/\/riccardomarzola.it\/new-site\/wp-content\/uploads\/2018\/03\/igiene-e1521569932366.png\" alt=\"\" width=\"40\" height=\"59\" \/><\/p>\n<p>[\/vc_column_text][\/vc_column][\/vc_row][vc_row][vc_column][vc_column_text]<a href=\"https:\/\/riccardomarzola.it\/new-site\/clinici\/prevenzione\/igiene-professionale\/\"><span style=\"color: #000000;\"><strong>Come spazzolare bene i denti<\/strong><\/span><\/a><\/p>\n<div class=\"itemIntroText tm-dropcap-block\">\n<p>Il segreto per mantenere una dentatura sana \u00e8 di fare controlli frequenti ma soprattutto praticare una perfetta igiene orale domiciliare, utilizzando correttamente lo spazzolino da denti, il filo interdentale e tutti gli altri sussidi che possono rendere pi\u00f9 agevole la rimozione della placca batterica.<\/p>\n<p><strong>Igiene Professionale<\/strong><\/p>\n<p>L&#8217;igiene dentale professionale o detartrasi, spesso pi\u00f9 semplicemente chiamata &#8220;pulizia dei denti&#8221;, \u00e8 una\u00a0procedura clinica\u00a0terapeutica finalizzata al mantenimento della salute del cavo orale e dei sui componenti siano essi denti naturali, impianti dentali o altre parti anatomiche (gengive, lingua etc&#8230;).<\/p>\n<p><strong><span style=\"color: #000000;\">Sigillatura dei solchi<\/span><\/strong><\/p>\n<\/div>\n<p>La\u00a0sigillatura\u00a0dei solchi, \u00e8 una procedura utilizzata in\u00a0odontoiatria\u00a0che\u00a0consiste nel\u00a0riempimento preventivo di solchi e fosse presenti sulle superfici occlusali dei\u00a0denti\u00a0con un materiale generalmente\u00a0fotoindurente, al fine di impedirvi il ristagno di batteri\u00a0ed il conseguente sviluppo di\u00a0carie.<\/p>\n<p>&nbsp;<\/p>\n<p>&nbsp;[\/vc_column_text][\/vc_column][\/vc_row][vc_row][vc_column][vc_column_text]<\/p>\n<p style=\"text-align: center;\"><span style=\"color: #000000;\"><strong>ENDODONZIA<\/strong><\/span><\/p>\n<p style=\"text-align: center;\"><img loading=\"lazy\" decoding=\"async\" class=\"alignnone wp-image-736 size-full\" src=\"https:\/\/riccardomarzola.it\/new-site\/wp-content\/uploads\/2017\/05\/endo-e1495360365364.png\" alt=\"\" width=\"31\" height=\"62\" \/><\/p>\n<p>[\/vc_column_text][\/vc_column][\/vc_row][vc_row][vc_column][vc_column_text]<span style=\"color: #000000;\"><strong>Devitalizzazione<\/strong><\/span><\/p>\n<p>\u00c8 una procedura odontoiatrica che consiste nella rimozione del nervo situato all&#8217;interno di un dente.<\/p>\n<p><span style=\"color: #000000;\"><strong>Ritrattamento<\/strong><\/span><\/p>\n<p>Consiste nel rifare una devitalizzazione di un dente.[\/vc_column_text][\/vc_column][\/vc_row]<\/p>\n<\/div>","protected":false},"excerpt":{"rendered":"<p>[vc_row][vc_column][vc_column_text]&nbsp; PRIMA VISITA Dopo i primi contatti telefonici o via email, viene programmato il primo appuntamento nel quale viene richiesto al paziente di portare tutte le radiografie di cui sia eventualmente in possesso. Una volta in studio, viene richiesto al paziente di compilare una serie di moduli volti a determinare l&#8217;esatto stato di salute, l&#8217;eventuale [&hellip;]<\/p>\n","protected":false},"author":2,"featured_media":0,"parent":0,"menu_order":0,"comment_status":"closed","ping_status":"closed","template":"page_fullwidth.php","meta":{"footnotes":""},"class_list":["post-326","page","type-page","status-publish","hentry"],"_links":{"self":[{"href":"https:\/\/riccardomarzola.it\/new-site\/wp-json\/wp\/v2\/pages\/326","targetHints":{"allow":["GET"]}}],"collection":[{"href":"https:\/\/riccardomarzola.it\/new-site\/wp-json\/wp\/v2\/pages"}],"about":[{"href":"https:\/\/riccardomarzola.it\/new-site\/wp-json\/wp\/v2\/types\/page"}],"author":[{"embeddable":true,"href":"https:\/\/riccardomarzola.it\/new-site\/wp-json\/wp\/v2\/users\/2"}],"replies":[{"embeddable":true,"href":"https:\/\/riccardomarzola.it\/new-site\/wp-json\/wp\/v2\/comments?post=326"}],"version-history":[{"count":81,"href":"https:\/\/riccardomarzola.it\/new-site\/wp-json\/wp\/v2\/pages\/326\/revisions"}],"predecessor-version":[{"id":1286,"href":"https:\/\/riccardomarzola.it\/new-site\/wp-json\/wp\/v2\/pages\/326\/revisions\/1286"}],"wp:attachment":[{"href":"https:\/\/riccardomarzola.it\/new-site\/wp-json\/wp\/v2\/media?parent=326"}],"curies":[{"name":"wp","href":"https:\/\/api.w.org\/{rel}","templated":true}]}}