{"id":322,"date":"2017-03-25T12:00:13","date_gmt":"2017-03-25T11:00:13","guid":{"rendered":"http:\/\/www.riccardomarzola.it\/new-site\/?page_id=322"},"modified":"2018-03-11T11:27:14","modified_gmt":"2018-03-11T10:27:14","slug":"faccette","status":"publish","type":"page","link":"https:\/\/riccardomarzola.it\/new-site\/clinici\/protesi-fissa-2\/faccette\/","title":{"rendered":"Faccette"},"content":{"rendered":"<div class=\"wpb-content-wrapper\"><p>[vc_row][vc_column][vc_column_text]Le faccette sono sottili restauri, generalmente realizzati in ceramica (ma oggi in alcuni casi possono essere realizzati con un altro materiale pi\u00f9 residente chiamato Disilicato di Litio), dello spessore di pochi decimi di millimetro, che vengono incollati, con speciali cementi, alla superficie esterna del dente modificandone forma e colore e consentendo di ottimizzare, in modo poco invasivo, il risultato sia estetico che funzionale. Esteticamente le faccette sono praticamente impossibili da distinguere dai denti naturali, per questo rappresentano il modo pi\u00f9 semplice, duraturo e meno invasivo, nella maggior parte dei casi clinici, per ottenere un sorriso perfetto.<\/p>\n<p>In\u00a0questa sezione del sito, abbiamo creato una serie di domande e risposte per chiarire tutti i possibili quesiti relativi a questa straordinaria tecnica protesica.[\/vc_column_text][\/vc_column][\/vc_row][vc_row][vc_column][vc_column_text]<\/p>\n<p style=\"text-align: center;\"><span style=\"font-size: 18pt; font-family: tahoma, arial, helvetica, sans-serif;\">Esempio di Faccette<\/span><\/p>\n<p style=\"text-align: center;\">\t\t<div class=\"juxtapose\" data-startingposition=\"50\" data-showlabels=\"1\" data-showcredits=\"1\" data-animate=\"1\" data-mode=\"horizontal\" style=\"width: ;\">\r\n\t\t  <img decoding=\"async\" src=\"https:\/\/riccardomarzola.it\/new-site\/wp-content\/uploads\/2017\/04\/Faccette-prima.jpg\" data-label=\"prima\" data-credit=\"\">\r\n\t\t  <img decoding=\"async\" src=\"https:\/\/riccardomarzola.it\/new-site\/wp-content\/uploads\/2017\/04\/Faccette-dopo-cropped.jpg\" data-label=\"dopo\" data-credit=\"\">\r\n\t\t<\/div>\n<p style=\"text-align: center;\">sposta il cursore a destra e sinistra per vedere prima e dopo<\/p>\n<p>[\/vc_column_text][\/vc_column][\/vc_row][vc_row][vc_column][vc_column_text]<\/p>\n<p style=\"text-align: center;\"><strong><span style=\"font-family: 'arial black', sans-serif;\">FAQ \u2013 DOMANDE E RISPOSTE SULLE FACCETTE IN CERAMICA<\/span><\/strong><\/p>\n<p style=\"text-align: left;\"><strong>D:<\/strong> <em>Quando si possono usare le faccette in ceramica?<\/em><\/p>\n<p><strong>R:<\/strong> Le faccette, dal momento che ricoprono la parte esterna dei denti esistenti, si possono usare in tutti i casi in cui i denti siano ancora sufficientemente integri da non richiedere restauri completi come le corone (le cosiddette capsule). Pertanto si utilizzano nei casi di denti con macchie o troppo scuri per poter essere sbiancati, in presenza di denti parzialmente fratturati, storti, o dalla forma non soddisfacente dal punto di vista estetico e talvolta anche funzionale. \u00a0In pratica con le faccette possiamo quindi offrire una soluzione pi\u00f9 semplice e \u00a0meno invasiva, rispetto alle corone, per cambiare la forma, il colore e l&#8217;impatto estetico nel suo complesso. Idealmente per un risultato ottimale, ma soprattutto perch\u00e9 il risultato sia il pi\u00f9 duraturo possibile, i denti devono avere una sufficiente quantit\u00e0 di smalto.[\/vc_column_text][vc_column_text]<strong>D:<\/strong> <em>Quanto durano le faccette?<\/em><\/p>\n<p><strong>R:<\/strong> Numerosi studi clinici hanno dimostrato che in odontoiatria protesica, nessun tipo di restauro protesico ha percentuali di successo cos\u00ec alte anche dopo molti anni. Un classico articolo di Mark Friedman, eccellente protesista della University of Southern California di Los Angeles, su 3500 faccette, ha infatti dimostrato che la percentuale di successo delle faccette dopo 20 anni \u00e8 superiore al 93 %!!!<\/p>\n<p>Il successo superiore al 93% a 20 anni \u00e8 un ottima percentuale ed anche se di durata inferiore vi sono vari studi in Letteratura scientifica che riportano il 100% di successo, tuttavia questo non giustifica, a nostro avviso il ricorso \u00a0esagerato e senza scrupoli a questo tipo di restauro come se fosse eterno!!!<\/p>\n<p>Prima di iniziare questo tipo di trattamento \u00e8 indispensabile un&#8217;attenta valutazione clinica specie se la motivazione, per fare questo tipo di trattamento, \u00e8 unicamente estetica.[\/vc_column_text][vc_column_text]<strong>D:<\/strong> D<em>i cosa sono fatte le faccette?<\/em><\/p>\n<p><strong>R:<\/strong> Le faccette generalmente sono realizzate in ceramica (feldspatica), un materiale esteticamente molto simile allo smalto naturale del dente, in realt\u00e0 di per s\u00e9 fragile, ma che, una volta incollato allo smalto del dente, diventa estremamente resistente. Infatti, la ceramica feldspatica, se trattata con un particolare acido, risulta essere mordenzabile, ovvero, a livello microscopico, forma delle micro cavit\u00e0 nelle quali si ancora in modo saldo e duraturo il cemento resinoso che si utilizza per il loro incollaggio. Da un lato, quindi, il cemento si attacca al dente come una normale otturazione, dall&#8217;altro si attacca alla ceramica. Vista la straordinaria forza di questa adesione, possiamo quasi considerare le faccette come un naturale sostituto dello smalto del dente.<\/p>\n<p>In alcuni casi, in cui sia richiesta una resistenza estremamente elevata o quando la faccetta deve &#8220;mascherare&#8221; un colore di base di un dente \u00a0particolarmente scuro, oggi \u00e8 \u00a0possibile utilizzare anche un materiale alternativo alla ceramica chiamato di disilicato di Litio. Il disilicato, come la ceramica, \u00e8 anch&#8217;esso mordenzabile, cio\u00e8 si pu\u00f2 trattare perch\u00e9 venga incollato in modo ottimale, ma \u00e8 estremamente pi\u00f9 residente rispetto alla ceramica.[\/vc_column_text][\/vc_column][\/vc_row][vc_row][vc_column][vc_column_text]<strong>D:<\/strong> <em>E se c&#8217;\u00e8 poco smalto, si possono fare lo stesso?<\/em><\/p>\n<p><strong>R:<\/strong> Quando lo smalto \u00e8 molto ridotto o assente, con l&#8217;utilizzo di opportuni adesivi, \u00e8 comunque possibile realizzare ed incollare in modo efficace le faccette. Tuttavia la minore forza di adesione potrebbe rendere meno durature le faccette in questi casi, per cui, di volta in volta andr\u00e0 valutato se sia consigliabile o meno optare per questa soluzione o se sia meglio ricorrere a qualche trattamento\u00a0alternativo, rappresentato generalmente dalle cosiddette corone o capsule.[\/vc_column_text][\/vc_column][\/vc_row][vc_row][vc_column][\/vc_column][\/vc_row][vc_row][vc_column][vc_column_text]<\/p>\n<h3>CASI CLINICI: 4 faccette in ceramica sugli incisivi superiori<\/h3>\n\t\t<div class=\"juxtapose\" data-startingposition=\"50\" data-showlabels=\"1\" data-showcredits=\"1\" data-animate=\"1\" data-mode=\"horizontal\" style=\"width: ;\">\r\n\t\t  <img decoding=\"async\" src=\"https:\/\/riccardomarzola.it\/new-site\/wp-content\/uploads\/2018\/01\/f-01.gif\" data-label=\"prima\" data-credit=\"\">\r\n\t\t  <img decoding=\"async\" src=\"https:\/\/riccardomarzola.it\/new-site\/wp-content\/uploads\/2018\/01\/f-06.gif\" data-label=\"dopo\" data-credit=\"\">\r\n\t\t<\/div>\n<table style=\"height: 373px;\" width=\"384\">\n<tbody>\n<tr>\n<td><a href=\"https:\/\/riccardomarzola.it\/new-site\/wp-content\/uploads\/2018\/01\/f-01.gif\"><img loading=\"lazy\" decoding=\"async\" class=\"aligncenter wp-image-1106\" src=\"https:\/\/riccardomarzola.it\/new-site\/wp-content\/uploads\/2018\/01\/f-01-300x208.gif\" alt=\"\" width=\"300\" height=\"208\" \/><\/a><\/td>\n<td><a href=\"https:\/\/riccardomarzola.it\/new-site\/wp-content\/uploads\/2018\/01\/f-02.gif\"><img loading=\"lazy\" decoding=\"async\" class=\"aligncenter wp-image-1107 size-medium\" src=\"https:\/\/riccardomarzola.it\/new-site\/wp-content\/uploads\/2018\/01\/f-02-300x170.gif\" alt=\"\" width=\"300\" height=\"170\" \/><\/a><\/td>\n<\/tr>\n<tr>\n<td style=\"text-align: center;\">linea del sorriso inversa<\/td>\n<td style=\"text-align: center;\">il caso iniziale<\/td>\n<\/tr>\n<tr>\n<td><a href=\"https:\/\/riccardomarzola.it\/new-site\/wp-content\/uploads\/2018\/01\/f-04.gif\"><img loading=\"lazy\" decoding=\"async\" class=\"aligncenter wp-image-1108 size-medium\" src=\"https:\/\/riccardomarzola.it\/new-site\/wp-content\/uploads\/2018\/01\/f-04-300x184.gif\" alt=\"\" width=\"300\" height=\"184\" \/><\/a><\/td>\n<td><a href=\"https:\/\/riccardomarzola.it\/new-site\/wp-content\/uploads\/2018\/01\/f-06.gif\"><img loading=\"lazy\" decoding=\"async\" class=\"aligncenter wp-image-1110 size-medium\" src=\"https:\/\/riccardomarzola.it\/new-site\/wp-content\/uploads\/2018\/01\/f-06-300x170.gif\" alt=\"\" width=\"300\" height=\"170\" \/><\/a><\/td>\n<\/tr>\n<tr>\n<td style=\"text-align: center;\">fase della preparazione dentale per le faccette in ceramica<\/td>\n<td style=\"text-align: center;\">il sorriso al termine della terapia protesica<\/td>\n<\/tr>\n<tr>\n<td><a href=\"https:\/\/riccardomarzola.it\/new-site\/wp-content\/uploads\/2018\/01\/f-05.gif\"><img loading=\"lazy\" decoding=\"async\" class=\"aligncenter wp-image-1109 size-medium\" src=\"https:\/\/riccardomarzola.it\/new-site\/wp-content\/uploads\/2018\/01\/f-05-300x218.gif\" alt=\"\" width=\"300\" height=\"218\" \/><\/a><\/td>\n<td><a href=\"https:\/\/riccardomarzola.it\/new-site\/wp-content\/uploads\/2018\/01\/f-07controllo-9anni.gif\"><img loading=\"lazy\" decoding=\"async\" class=\"aligncenter wp-image-1112 size-medium\" src=\"https:\/\/riccardomarzola.it\/new-site\/wp-content\/uploads\/2018\/01\/f-07controllo-9anni-300x196.gif\" alt=\"\" width=\"300\" height=\"196\" \/><\/a><\/td>\n<\/tr>\n<tr>\n<td style=\"text-align: center;\">visione intraorale del caso finito<\/td>\n<td style=\"text-align: center;\">controllo a 9 anni<\/td>\n<\/tr>\n<\/tbody>\n<\/table>\n<p>[\/vc_column_text][\/vc_column][\/vc_row][vc_row][vc_column][vc_column_text]<\/p>\n<h3>2 faccette sugli incisivi centrali superiori<\/h3>\n\t\t<div class=\"juxtapose\" data-startingposition=\"50\" data-showlabels=\"1\" data-showcredits=\"1\" data-animate=\"1\" data-mode=\"horizontal\" style=\"width: ;\">\r\n\t\t  <img decoding=\"async\" src=\"https:\/\/riccardomarzola.it\/new-site\/wp-content\/uploads\/2018\/01\/Faccette-01-preop.jpg\" data-label=\"prima \" data-credit=\"\">\r\n\t\t  <img decoding=\"async\" src=\"https:\/\/riccardomarzola.it\/new-site\/wp-content\/uploads\/2018\/01\/Faccette-08-finale-front.jpg\" data-label=\"dopo\" data-credit=\"\">\r\n\t\t<\/div>\n<table style=\"height: 429px;\" width=\"418\">\n<tbody>\n<tr>\n<td><a href=\"https:\/\/riccardomarzola.it\/new-site\/wp-content\/uploads\/2018\/01\/Faccette-02-preop-e1516121877904.jpg\"><img loading=\"lazy\" decoding=\"async\" class=\"aligncenter wp-image-1093 size-medium\" src=\"https:\/\/riccardomarzola.it\/new-site\/wp-content\/uploads\/2018\/01\/Faccette-02-preop-e1516121877904-300x180.jpg\" alt=\"\" width=\"300\" height=\"180\" srcset=\"https:\/\/riccardomarzola.it\/new-site\/wp-content\/uploads\/2018\/01\/Faccette-02-preop-e1516121877904-300x180.jpg 300w, https:\/\/riccardomarzola.it\/new-site\/wp-content\/uploads\/2018\/01\/Faccette-02-preop-e1516121877904-768x460.jpg 768w, https:\/\/riccardomarzola.it\/new-site\/wp-content\/uploads\/2018\/01\/Faccette-02-preop-e1516121877904-1024x614.jpg 1024w, https:\/\/riccardomarzola.it\/new-site\/wp-content\/uploads\/2018\/01\/Faccette-02-preop-e1516121877904-750x449.jpg 750w, https:\/\/riccardomarzola.it\/new-site\/wp-content\/uploads\/2018\/01\/Faccette-02-preop-e1516121877904.jpg 1205w\" sizes=\"auto, (max-width: 300px) 100vw, 300px\" \/><\/a><\/td>\n<td><a href=\"https:\/\/riccardomarzola.it\/new-site\/wp-content\/uploads\/2018\/01\/Faccette-01-preop.jpg\"><img loading=\"lazy\" decoding=\"async\" class=\"aligncenter wp-image-1092\" src=\"https:\/\/riccardomarzola.it\/new-site\/wp-content\/uploads\/2018\/01\/Faccette-01-preop-300x199.jpg\" alt=\"\" width=\"249\" height=\"165\" srcset=\"https:\/\/riccardomarzola.it\/new-site\/wp-content\/uploads\/2018\/01\/Faccette-01-preop-300x199.jpg 300w, https:\/\/riccardomarzola.it\/new-site\/wp-content\/uploads\/2018\/01\/Faccette-01-preop-768x510.jpg 768w, https:\/\/riccardomarzola.it\/new-site\/wp-content\/uploads\/2018\/01\/Faccette-01-preop-1024x680.jpg 1024w, https:\/\/riccardomarzola.it\/new-site\/wp-content\/uploads\/2018\/01\/Faccette-01-preop-750x498.jpg 750w\" sizes=\"auto, (max-width: 249px) 100vw, 249px\" \/><\/a><\/td>\n<\/tr>\n<tr>\n<td style=\"text-align: center;\">\u00a0sorriso iniziale<\/td>\n<td style=\"text-align: center;\">vecchie otturazioni in composito ingiallite<\/td>\n<\/tr>\n<tr>\n<td>\u00a0<a href=\"https:\/\/riccardomarzola.it\/new-site\/wp-content\/uploads\/2018\/01\/Faccette-04-preparazioni.jpg\"><img loading=\"lazy\" decoding=\"async\" class=\"aligncenter wp-image-1095 size-medium\" src=\"https:\/\/riccardomarzola.it\/new-site\/wp-content\/uploads\/2018\/01\/Faccette-04-preparazioni-300x199.jpg\" alt=\"\" width=\"300\" height=\"199\" srcset=\"https:\/\/riccardomarzola.it\/new-site\/wp-content\/uploads\/2018\/01\/Faccette-04-preparazioni-300x199.jpg 300w, https:\/\/riccardomarzola.it\/new-site\/wp-content\/uploads\/2018\/01\/Faccette-04-preparazioni-768x510.jpg 768w, https:\/\/riccardomarzola.it\/new-site\/wp-content\/uploads\/2018\/01\/Faccette-04-preparazioni-1024x680.jpg 1024w, https:\/\/riccardomarzola.it\/new-site\/wp-content\/uploads\/2018\/01\/Faccette-04-preparazioni-750x498.jpg 750w\" sizes=\"auto, (max-width: 300px) 100vw, 300px\" \/><\/a><\/td>\n<td>\u00a0<a href=\"https:\/\/riccardomarzola.it\/new-site\/wp-content\/uploads\/2018\/01\/Faccette-05-lab-view.jpg\"><img loading=\"lazy\" decoding=\"async\" class=\"aligncenter wp-image-1118 size-medium\" src=\"https:\/\/riccardomarzola.it\/new-site\/wp-content\/uploads\/2018\/01\/Faccette-05-lab-view-300x199.jpg\" alt=\"\" width=\"300\" height=\"199\" srcset=\"https:\/\/riccardomarzola.it\/new-site\/wp-content\/uploads\/2018\/01\/Faccette-05-lab-view-300x199.jpg 300w, https:\/\/riccardomarzola.it\/new-site\/wp-content\/uploads\/2018\/01\/Faccette-05-lab-view-768x510.jpg 768w, https:\/\/riccardomarzola.it\/new-site\/wp-content\/uploads\/2018\/01\/Faccette-05-lab-view-1024x680.jpg 1024w, https:\/\/riccardomarzola.it\/new-site\/wp-content\/uploads\/2018\/01\/Faccette-05-lab-view-750x498.jpg 750w\" sizes=\"auto, (max-width: 300px) 100vw, 300px\" \/><\/a><\/td>\n<\/tr>\n<tr>\n<td style=\"text-align: center;\">\u00a0le preparazioni prima dell&#8217;impronta<\/td>\n<td style=\"text-align: center;\">le faccette sul modello in laboratorio<\/td>\n<\/tr>\n<tr>\n<td><a href=\"https:\/\/riccardomarzola.it\/new-site\/wp-content\/uploads\/2018\/01\/Faccette-06-cementazione-1.jpg\"><img loading=\"lazy\" decoding=\"async\" class=\"aligncenter wp-image-1116 size-medium\" src=\"https:\/\/riccardomarzola.it\/new-site\/wp-content\/uploads\/2018\/01\/Faccette-06-cementazione-1-300x199.jpg\" alt=\"\" width=\"300\" height=\"199\" srcset=\"https:\/\/riccardomarzola.it\/new-site\/wp-content\/uploads\/2018\/01\/Faccette-06-cementazione-1-300x199.jpg 300w, https:\/\/riccardomarzola.it\/new-site\/wp-content\/uploads\/2018\/01\/Faccette-06-cementazione-1-768x510.jpg 768w, https:\/\/riccardomarzola.it\/new-site\/wp-content\/uploads\/2018\/01\/Faccette-06-cementazione-1-1024x680.jpg 1024w, https:\/\/riccardomarzola.it\/new-site\/wp-content\/uploads\/2018\/01\/Faccette-06-cementazione-1-750x498.jpg 750w\" sizes=\"auto, (max-width: 300px) 100vw, 300px\" \/><\/a><\/td>\n<td>\u00a0<a href=\"https:\/\/riccardomarzola.it\/new-site\/wp-content\/uploads\/2018\/01\/Faccette-07-cementazione-2.jpg\"><img loading=\"lazy\" decoding=\"async\" class=\"aligncenter wp-image-1098 size-medium\" src=\"https:\/\/riccardomarzola.it\/new-site\/wp-content\/uploads\/2018\/01\/Faccette-07-cementazione-2-300x199.jpg\" alt=\"\" width=\"300\" height=\"199\" srcset=\"https:\/\/riccardomarzola.it\/new-site\/wp-content\/uploads\/2018\/01\/Faccette-07-cementazione-2-300x199.jpg 300w, https:\/\/riccardomarzola.it\/new-site\/wp-content\/uploads\/2018\/01\/Faccette-07-cementazione-2-768x510.jpg 768w, https:\/\/riccardomarzola.it\/new-site\/wp-content\/uploads\/2018\/01\/Faccette-07-cementazione-2-1024x680.jpg 1024w, https:\/\/riccardomarzola.it\/new-site\/wp-content\/uploads\/2018\/01\/Faccette-07-cementazione-2-750x498.jpg 750w\" sizes=\"auto, (max-width: 300px) 100vw, 300px\" \/><\/a><\/td>\n<\/tr>\n<tr>\n<td style=\"text-align: center;\">fase della cementazione adesiva sotto diga<\/td>\n<td style=\"text-align: center;\">\u00a0test della traslucenza del restauro in ceramica<\/td>\n<\/tr>\n<tr>\n<td>\u00a0<a href=\"https:\/\/riccardomarzola.it\/new-site\/wp-content\/uploads\/2018\/01\/Faccette-08-finale-front.jpg\"><img loading=\"lazy\" decoding=\"async\" class=\"aligncenter wp-image-1099 size-medium\" src=\"https:\/\/riccardomarzola.it\/new-site\/wp-content\/uploads\/2018\/01\/Faccette-08-finale-front-300x199.jpg\" alt=\"\" width=\"300\" height=\"199\" srcset=\"https:\/\/riccardomarzola.it\/new-site\/wp-content\/uploads\/2018\/01\/Faccette-08-finale-front-300x199.jpg 300w, https:\/\/riccardomarzola.it\/new-site\/wp-content\/uploads\/2018\/01\/Faccette-08-finale-front-768x510.jpg 768w, https:\/\/riccardomarzola.it\/new-site\/wp-content\/uploads\/2018\/01\/Faccette-08-finale-front-1024x680.jpg 1024w, https:\/\/riccardomarzola.it\/new-site\/wp-content\/uploads\/2018\/01\/Faccette-08-finale-front-750x498.jpg 750w\" sizes=\"auto, (max-width: 300px) 100vw, 300px\" \/><\/a><\/td>\n<td><a href=\"https:\/\/riccardomarzola.it\/new-site\/wp-content\/uploads\/2018\/01\/Faccette-09-finale-back.jpg\"><img loading=\"lazy\" decoding=\"async\" class=\"aligncenter wp-image-1100 size-medium\" src=\"https:\/\/riccardomarzola.it\/new-site\/wp-content\/uploads\/2018\/01\/Faccette-09-finale-back-300x199.jpg\" alt=\"\" width=\"300\" height=\"199\" srcset=\"https:\/\/riccardomarzola.it\/new-site\/wp-content\/uploads\/2018\/01\/Faccette-09-finale-back-300x199.jpg 300w, https:\/\/riccardomarzola.it\/new-site\/wp-content\/uploads\/2018\/01\/Faccette-09-finale-back-768x510.jpg 768w, https:\/\/riccardomarzola.it\/new-site\/wp-content\/uploads\/2018\/01\/Faccette-09-finale-back-1024x680.jpg 1024w, https:\/\/riccardomarzola.it\/new-site\/wp-content\/uploads\/2018\/01\/Faccette-09-finale-back-750x498.jpg 750w\" sizes=\"auto, (max-width: 300px) 100vw, 300px\" \/><\/a><\/td>\n<\/tr>\n<tr>\n<td style=\"text-align: center;\">\u00a0il caso completato<\/td>\n<td style=\"text-align: center;\">\u00a0visione occlusale del caso completato<\/td>\n<\/tr>\n<tr>\n<td>\u00a0<a href=\"https:\/\/riccardomarzola.it\/new-site\/wp-content\/uploads\/2018\/01\/Faccette-10-finale-smile-dx.jpg\"><img loading=\"lazy\" decoding=\"async\" class=\"aligncenter wp-image-1101 size-medium\" src=\"https:\/\/riccardomarzola.it\/new-site\/wp-content\/uploads\/2018\/01\/Faccette-10-finale-smile-dx-300x199.jpg\" alt=\"\" width=\"300\" height=\"199\" srcset=\"https:\/\/riccardomarzola.it\/new-site\/wp-content\/uploads\/2018\/01\/Faccette-10-finale-smile-dx-300x199.jpg 300w, https:\/\/riccardomarzola.it\/new-site\/wp-content\/uploads\/2018\/01\/Faccette-10-finale-smile-dx-768x510.jpg 768w, https:\/\/riccardomarzola.it\/new-site\/wp-content\/uploads\/2018\/01\/Faccette-10-finale-smile-dx-1024x680.jpg 1024w, https:\/\/riccardomarzola.it\/new-site\/wp-content\/uploads\/2018\/01\/Faccette-10-finale-smile-dx-750x498.jpg 750w\" sizes=\"auto, (max-width: 300px) 100vw, 300px\" \/><\/a><\/td>\n<td><a href=\"https:\/\/riccardomarzola.it\/new-site\/wp-content\/uploads\/2018\/01\/Faccette-11-finale-smile-sx.JPG.jpg\"><img loading=\"lazy\" decoding=\"async\" class=\"aligncenter wp-image-1102 size-medium\" src=\"https:\/\/riccardomarzola.it\/new-site\/wp-content\/uploads\/2018\/01\/Faccette-11-finale-smile-sx.JPG-300x199.jpg\" alt=\"\" width=\"300\" height=\"199\" srcset=\"https:\/\/riccardomarzola.it\/new-site\/wp-content\/uploads\/2018\/01\/Faccette-11-finale-smile-sx.JPG-300x199.jpg 300w, https:\/\/riccardomarzola.it\/new-site\/wp-content\/uploads\/2018\/01\/Faccette-11-finale-smile-sx.JPG-768x510.jpg 768w, https:\/\/riccardomarzola.it\/new-site\/wp-content\/uploads\/2018\/01\/Faccette-11-finale-smile-sx.JPG-1024x680.jpg 1024w, https:\/\/riccardomarzola.it\/new-site\/wp-content\/uploads\/2018\/01\/Faccette-11-finale-smile-sx.JPG-750x498.jpg 750w\" sizes=\"auto, (max-width: 300px) 100vw, 300px\" \/><\/a><\/td>\n<\/tr>\n<tr>\n<td style=\"text-align: center;\">\u00a0sorriso finale<\/td>\n<td style=\"text-align: center;\">\u00a0sorriso finale<\/td>\n<\/tr>\n<tr>\n<td><a href=\"https:\/\/riccardomarzola.it\/new-site\/wp-content\/uploads\/2018\/01\/Faccette-13-finale-controllo-7-anni.JPG.jpg\"><img loading=\"lazy\" decoding=\"async\" class=\"aligncenter wp-image-1104 size-medium\" src=\"https:\/\/riccardomarzola.it\/new-site\/wp-content\/uploads\/2018\/01\/Faccette-13-finale-controllo-7-anni.JPG-300x199.jpg\" alt=\"\" width=\"300\" height=\"199\" srcset=\"https:\/\/riccardomarzola.it\/new-site\/wp-content\/uploads\/2018\/01\/Faccette-13-finale-controllo-7-anni.JPG-300x199.jpg 300w, https:\/\/riccardomarzola.it\/new-site\/wp-content\/uploads\/2018\/01\/Faccette-13-finale-controllo-7-anni.JPG-768x510.jpg 768w, https:\/\/riccardomarzola.it\/new-site\/wp-content\/uploads\/2018\/01\/Faccette-13-finale-controllo-7-anni.JPG-1024x680.jpg 1024w, https:\/\/riccardomarzola.it\/new-site\/wp-content\/uploads\/2018\/01\/Faccette-13-finale-controllo-7-anni.JPG-750x498.jpg 750w, https:\/\/riccardomarzola.it\/new-site\/wp-content\/uploads\/2018\/01\/Faccette-13-finale-controllo-7-anni.JPG.jpg 1072w\" sizes=\"auto, (max-width: 300px) 100vw, 300px\" \/><\/a><\/td>\n<td><a href=\"https:\/\/riccardomarzola.it\/new-site\/wp-content\/uploads\/2018\/01\/Faccette-14-finale-controllo-7-anni-tissue-integration.JPG.jpg\"><img loading=\"lazy\" decoding=\"async\" class=\"aligncenter wp-image-1105 size-medium\" src=\"https:\/\/riccardomarzola.it\/new-site\/wp-content\/uploads\/2018\/01\/Faccette-14-finale-controllo-7-anni-tissue-integration.JPG-300x129.jpg\" alt=\"\" width=\"300\" height=\"129\" srcset=\"https:\/\/riccardomarzola.it\/new-site\/wp-content\/uploads\/2018\/01\/Faccette-14-finale-controllo-7-anni-tissue-integration.JPG-300x129.jpg 300w, https:\/\/riccardomarzola.it\/new-site\/wp-content\/uploads\/2018\/01\/Faccette-14-finale-controllo-7-anni-tissue-integration.JPG-768x331.jpg 768w, https:\/\/riccardomarzola.it\/new-site\/wp-content\/uploads\/2018\/01\/Faccette-14-finale-controllo-7-anni-tissue-integration.JPG-1024x442.jpg 1024w, https:\/\/riccardomarzola.it\/new-site\/wp-content\/uploads\/2018\/01\/Faccette-14-finale-controllo-7-anni-tissue-integration.JPG-750x324.jpg 750w, https:\/\/riccardomarzola.it\/new-site\/wp-content\/uploads\/2018\/01\/Faccette-14-finale-controllo-7-anni-tissue-integration.JPG.jpg 1057w\" sizes=\"auto, (max-width: 300px) 100vw, 300px\" \/><\/a><\/td>\n<\/tr>\n<tr>\n<td style=\"text-align: center;\">controllo a 7 anni<\/td>\n<td style=\"text-align: center;\">controllo a 7 anni, dettaglio della zona marginale. si noti la perfetta integrazione dei restauri con i tessuti gengivali circostanti.<\/td>\n<\/tr>\n<\/tbody>\n<\/table>\n<p>[\/vc_column_text][\/vc_column][\/vc_row]<\/p>\n<\/div>","protected":false},"excerpt":{"rendered":"<p>[vc_row][vc_column][vc_column_text]Le faccette sono sottili restauri, generalmente realizzati in ceramica (ma oggi in alcuni casi possono essere realizzati con un altro materiale pi\u00f9 residente chiamato Disilicato di Litio), dello spessore di pochi decimi di millimetro, che vengono incollati, con speciali cementi, alla superficie esterna del dente modificandone forma e colore e consentendo di ottimizzare, in modo [&hellip;]<\/p>\n","protected":false},"author":2,"featured_media":0,"parent":666,"menu_order":0,"comment_status":"closed","ping_status":"closed","template":"page_fullwidth.php","meta":{"footnotes":""},"class_list":["post-322","page","type-page","status-publish","hentry"],"_links":{"self":[{"href":"https:\/\/riccardomarzola.it\/new-site\/wp-json\/wp\/v2\/pages\/322","targetHints":{"allow":["GET"]}}],"collection":[{"href":"https:\/\/riccardomarzola.it\/new-site\/wp-json\/wp\/v2\/pages"}],"about":[{"href":"https:\/\/riccardomarzola.it\/new-site\/wp-json\/wp\/v2\/types\/page"}],"author":[{"embeddable":true,"href":"https:\/\/riccardomarzola.it\/new-site\/wp-json\/wp\/v2\/users\/2"}],"replies":[{"embeddable":true,"href":"https:\/\/riccardomarzola.it\/new-site\/wp-json\/wp\/v2\/comments?post=322"}],"version-history":[{"count":55,"href":"https:\/\/riccardomarzola.it\/new-site\/wp-json\/wp\/v2\/pages\/322\/revisions"}],"predecessor-version":[{"id":1217,"href":"https:\/\/riccardomarzola.it\/new-site\/wp-json\/wp\/v2\/pages\/322\/revisions\/1217"}],"up":[{"embeddable":true,"href":"https:\/\/riccardomarzola.it\/new-site\/wp-json\/wp\/v2\/pages\/666"}],"wp:attachment":[{"href":"https:\/\/riccardomarzola.it\/new-site\/wp-json\/wp\/v2\/media?parent=322"}],"curies":[{"name":"wp","href":"https:\/\/api.w.org\/{rel}","templated":true}]}}