{"id":2,"date":"2017-01-25T15:49:41","date_gmt":"2017-01-25T14:49:41","guid":{"rendered":"http:\/\/www.riccardomarzola.it\/new-site\/?page_id=2"},"modified":"2018-02-27T20:19:59","modified_gmt":"2018-02-27T19:19:59","slug":"pagina-di-esempio","status":"publish","type":"page","link":"https:\/\/riccardomarzola.it\/new-site\/clinici\/protesi-fissa-2\/pagina-di-esempio\/","title":{"rendered":"Riabilitazioni"},"content":{"rendered":"<div class=\"wpb-content-wrapper\"><p>[vc_row][vc_column][vc_column_text]Come si pu\u00f2 intuire dal nome, per riabilitazione si intende una terapia odontoiatrica che preveda il coinvolgimento di gran parte degli elementi dentali al fine di\u00a0creare una corretta armonia sia da un punto di vista funzionale, cio\u00e8 per quello che riguarda l&#8217;efficenza della masticazione, che per ci\u00f2 che riguarda la fonetica e l&#8217;estetica del sorriso. Le procedure che possono essere necessarie in una riabilitazione possono includere la realizzazione di intarsi, corone, ponti, faccette, impianti dentali, chirurgie parodontali per la cura della piorrea, spostamenti ortodontici, ricostruzioni ossee, solo per citarne alcune!<\/p>\n<p>Generalmente una riabilitazione interessa tutti o la maggior parte dei denti, pertanto, non pu\u00f2 essere considerata solo un intervento cosmetico, fatto per ottenere un bel sorriso, ma \u00e8 indispensabile venga eseguita con lo scopo di ripristinare funzioni indispensabili e critiche quali la possibilit\u00e0 di parlare correttamente, mangiare in modo efficiente ed anche sorridere in modo esteticamente gratificante per se stessi e per gli altri. Per questo motivo, in gran parte del mondo &#8220;odontoiatricamente pi\u00f9 avanzato&#8221;, esiste la figura del protesista, ovvero un dentista, che, dopo la Laurea, intraprende un percorso di specializzazione, in genere di almeno 3-4 anni,\u00a0proprio per acquisire le conoscenze necessarie per la cura di questi casi pi\u00f9 complessi. Il protesista infatti \u00e8 un esperto di occlusione, di estetica e di protesi in generale, dalla protesi mobile a quella fissa, sia su denti naturali che su impianti. In Italia, purtroppo, la specializzazione in Protesi non esiste ancora, quindi chi si occupa di riabilitazioni non \u00e8 uno specialista come avviene negli Stati Uniti ma un dentista generico. Per poter conseguire la specializzazione \u00e8 pertanto necessario recarsi all&#8217;estero, generalmente negli Stati Uniti. In italia esiste un&#8217;associazione, l&#8217;Italian College of Prosthodontists, che riunisce\u00a0molti dei dentisti italiani che si sono specializzati negli Stati Uniti. Sul sito dell&#8217;<a href=\"https:\/\/www.prosthodontics.org\/\">American College of Prosthodontists<\/a>, un&#8217;associazione composta solo da specializzati in protesi in USA, \u00e8 possibile avere informazioni ulteriori, in inglese, sul percorso di studi e le conoscenze che fanno parte del curriculum di uno specializzato in protesi.[\/vc_column_text][\/vc_column][\/vc_row][vc_row][vc_column][vc_column_text]<\/p>\n<h3>esempio di riabilitazione<\/h3>\n<table style=\"height: 148px;\" width=\"880\">\n<tbody>\n<tr>\n<td><a href=\"https:\/\/riccardomarzola.it\/new-site\/wp-content\/uploads\/2017\/07\/reabilitazione-prima-2.jpg\"><img loading=\"lazy\" decoding=\"async\" class=\"aligncenter wp-image-924 size-medium\" src=\"https:\/\/riccardomarzola.it\/new-site\/wp-content\/uploads\/2017\/07\/reabilitazione-prima-2-300x199.jpg\" alt=\"\" width=\"300\" height=\"199\" srcset=\"https:\/\/riccardomarzola.it\/new-site\/wp-content\/uploads\/2017\/07\/reabilitazione-prima-2-300x199.jpg 300w, https:\/\/riccardomarzola.it\/new-site\/wp-content\/uploads\/2017\/07\/reabilitazione-prima-2-768x509.jpg 768w, https:\/\/riccardomarzola.it\/new-site\/wp-content\/uploads\/2017\/07\/reabilitazione-prima-2-1024x679.jpg 1024w, https:\/\/riccardomarzola.it\/new-site\/wp-content\/uploads\/2017\/07\/reabilitazione-prima-2-750x497.jpg 750w, https:\/\/riccardomarzola.it\/new-site\/wp-content\/uploads\/2017\/07\/reabilitazione-prima-2.jpg 1100w\" sizes=\"auto, (max-width: 300px) 100vw, 300px\" \/><\/a><\/td>\n<td><a href=\"https:\/\/riccardomarzola.it\/new-site\/wp-content\/uploads\/2017\/07\/reabilitazione-prima-1.jpg\"><img loading=\"lazy\" decoding=\"async\" class=\"aligncenter wp-image-923 size-medium\" src=\"https:\/\/riccardomarzola.it\/new-site\/wp-content\/uploads\/2017\/07\/reabilitazione-prima-1-300x198.jpg\" alt=\"\" width=\"300\" height=\"198\" srcset=\"https:\/\/riccardomarzola.it\/new-site\/wp-content\/uploads\/2017\/07\/reabilitazione-prima-1-300x198.jpg 300w, https:\/\/riccardomarzola.it\/new-site\/wp-content\/uploads\/2017\/07\/reabilitazione-prima-1-768x508.jpg 768w, https:\/\/riccardomarzola.it\/new-site\/wp-content\/uploads\/2017\/07\/reabilitazione-prima-1-1024x677.jpg 1024w, https:\/\/riccardomarzola.it\/new-site\/wp-content\/uploads\/2017\/07\/reabilitazione-prima-1-750x496.jpg 750w, https:\/\/riccardomarzola.it\/new-site\/wp-content\/uploads\/2017\/07\/reabilitazione-prima-1.jpg 1086w\" sizes=\"auto, (max-width: 300px) 100vw, 300px\" \/><\/a><\/td>\n<\/tr>\n<tr>\n<td style=\"text-align: center;\">caso iniziale<\/td>\n<td style=\"text-align: center;\">caso iniziale<\/td>\n<\/tr>\n<tr>\n<td><a href=\"https:\/\/riccardomarzola.it\/new-site\/wp-content\/uploads\/2017\/07\/reabilitazione-dopo-2.jpg\"><img loading=\"lazy\" decoding=\"async\" class=\"aligncenter wp-image-921 size-medium\" src=\"https:\/\/riccardomarzola.it\/new-site\/wp-content\/uploads\/2017\/07\/reabilitazione-dopo-2-300x193.jpg\" alt=\"\" width=\"300\" height=\"193\" srcset=\"https:\/\/riccardomarzola.it\/new-site\/wp-content\/uploads\/2017\/07\/reabilitazione-dopo-2-300x193.jpg 300w, https:\/\/riccardomarzola.it\/new-site\/wp-content\/uploads\/2017\/07\/reabilitazione-dopo-2-768x493.jpg 768w, https:\/\/riccardomarzola.it\/new-site\/wp-content\/uploads\/2017\/07\/reabilitazione-dopo-2-750x482.jpg 750w, https:\/\/riccardomarzola.it\/new-site\/wp-content\/uploads\/2017\/07\/reabilitazione-dopo-2.jpg 964w\" sizes=\"auto, (max-width: 300px) 100vw, 300px\" \/><\/a><\/td>\n<td><a href=\"https:\/\/riccardomarzola.it\/new-site\/wp-content\/uploads\/2017\/07\/reabilitazione-dopo-1.jpg\"><img loading=\"lazy\" decoding=\"async\" class=\"aligncenter wp-image-920 size-medium\" src=\"https:\/\/riccardomarzola.it\/new-site\/wp-content\/uploads\/2017\/07\/reabilitazione-dopo-1-300x204.jpg\" alt=\"\" width=\"300\" height=\"204\" srcset=\"https:\/\/riccardomarzola.it\/new-site\/wp-content\/uploads\/2017\/07\/reabilitazione-dopo-1-300x204.jpg 300w, https:\/\/riccardomarzola.it\/new-site\/wp-content\/uploads\/2017\/07\/reabilitazione-dopo-1-768x523.jpg 768w, https:\/\/riccardomarzola.it\/new-site\/wp-content\/uploads\/2017\/07\/reabilitazione-dopo-1-750x511.jpg 750w, https:\/\/riccardomarzola.it\/new-site\/wp-content\/uploads\/2017\/07\/reabilitazione-dopo-1.jpg 972w\" sizes=\"auto, (max-width: 300px) 100vw, 300px\" \/><\/a><\/td>\n<\/tr>\n<tr>\n<td style=\"text-align: center;\">la riabilitazione completata<\/td>\n<td style=\"text-align: center;\">la riabilitazione completata<\/td>\n<\/tr>\n<tr>\n<td><a href=\"https:\/\/riccardomarzola.it\/new-site\/wp-content\/uploads\/2017\/07\/reabilitazione-prima-rx.jpg\"><img loading=\"lazy\" decoding=\"async\" class=\"aligncenter wp-image-925 size-medium\" src=\"https:\/\/riccardomarzola.it\/new-site\/wp-content\/uploads\/2017\/07\/reabilitazione-prima-rx-300x130.jpg\" alt=\"\" width=\"300\" height=\"130\" srcset=\"https:\/\/riccardomarzola.it\/new-site\/wp-content\/uploads\/2017\/07\/reabilitazione-prima-rx-300x130.jpg 300w, https:\/\/riccardomarzola.it\/new-site\/wp-content\/uploads\/2017\/07\/reabilitazione-prima-rx-768x332.jpg 768w, https:\/\/riccardomarzola.it\/new-site\/wp-content\/uploads\/2017\/07\/reabilitazione-prima-rx-1024x443.jpg 1024w, https:\/\/riccardomarzola.it\/new-site\/wp-content\/uploads\/2017\/07\/reabilitazione-prima-rx-750x325.jpg 750w\" sizes=\"auto, (max-width: 300px) 100vw, 300px\" \/><\/a><\/td>\n<td><a href=\"https:\/\/riccardomarzola.it\/new-site\/wp-content\/uploads\/2017\/07\/reabilitazione-dopo-rx.jpg\"><img loading=\"lazy\" decoding=\"async\" class=\"aligncenter wp-image-922 size-medium\" src=\"https:\/\/riccardomarzola.it\/new-site\/wp-content\/uploads\/2017\/07\/reabilitazione-dopo-rx-300x148.jpg\" alt=\"\" width=\"300\" height=\"148\" srcset=\"https:\/\/riccardomarzola.it\/new-site\/wp-content\/uploads\/2017\/07\/reabilitazione-dopo-rx-300x148.jpg 300w, https:\/\/riccardomarzola.it\/new-site\/wp-content\/uploads\/2017\/07\/reabilitazione-dopo-rx-768x378.jpg 768w, https:\/\/riccardomarzola.it\/new-site\/wp-content\/uploads\/2017\/07\/reabilitazione-dopo-rx-1024x504.jpg 1024w, https:\/\/riccardomarzola.it\/new-site\/wp-content\/uploads\/2017\/07\/reabilitazione-dopo-rx-750x369.jpg 750w\" sizes=\"auto, (max-width: 300px) 100vw, 300px\" \/><\/a><\/td>\n<\/tr>\n<tr>\n<td style=\"text-align: center;\">ortopantomografia iniziale<\/td>\n<td style=\"text-align: center;\">\u00a0ortopantomografia\u00a0finale<\/td>\n<\/tr>\n<tr>\n<td style=\"text-align: center;\"><a href=\"https:\/\/riccardomarzola.it\/new-site\/wp-content\/uploads\/2017\/07\/reabilitazione-dopo-anteriori.jpg\"><img loading=\"lazy\" decoding=\"async\" class=\"alignnone wp-image-927 size-medium\" src=\"https:\/\/riccardomarzola.it\/new-site\/wp-content\/uploads\/2017\/07\/reabilitazione-dopo-anteriori-300x166.jpg\" alt=\"\" width=\"300\" height=\"166\" srcset=\"https:\/\/riccardomarzola.it\/new-site\/wp-content\/uploads\/2017\/07\/reabilitazione-dopo-anteriori-300x166.jpg 300w, https:\/\/riccardomarzola.it\/new-site\/wp-content\/uploads\/2017\/07\/reabilitazione-dopo-anteriori-768x424.jpg 768w, https:\/\/riccardomarzola.it\/new-site\/wp-content\/uploads\/2017\/07\/reabilitazione-dopo-anteriori-750x414.jpg 750w, https:\/\/riccardomarzola.it\/new-site\/wp-content\/uploads\/2017\/07\/reabilitazione-dopo-anteriori.jpg 1000w\" sizes=\"auto, (max-width: 300px) 100vw, 300px\" \/><\/a><\/td>\n<td style=\"text-align: center;\"><a href=\"https:\/\/riccardomarzola.it\/new-site\/wp-content\/uploads\/2017\/07\/reabilitazione-dopo-lato-dx.jpg\"><img loading=\"lazy\" decoding=\"async\" class=\"alignnone wp-image-928 size-medium\" src=\"https:\/\/riccardomarzola.it\/new-site\/wp-content\/uploads\/2017\/07\/reabilitazione-dopo-lato-dx-183x300.jpg\" alt=\"\" width=\"183\" height=\"300\" srcset=\"https:\/\/riccardomarzola.it\/new-site\/wp-content\/uploads\/2017\/07\/reabilitazione-dopo-lato-dx-183x300.jpg 183w, https:\/\/riccardomarzola.it\/new-site\/wp-content\/uploads\/2017\/07\/reabilitazione-dopo-lato-dx-623x1024.jpg 623w, https:\/\/riccardomarzola.it\/new-site\/wp-content\/uploads\/2017\/07\/reabilitazione-dopo-lato-dx.jpg 672w\" sizes=\"auto, (max-width: 183px) 100vw, 183px\" \/><\/a>\u00a0<a href=\"https:\/\/riccardomarzola.it\/new-site\/wp-content\/uploads\/2017\/07\/reabilitazione-dopo-lato-sx.jpg\"><img loading=\"lazy\" decoding=\"async\" class=\"alignnone wp-image-929 size-medium\" src=\"https:\/\/riccardomarzola.it\/new-site\/wp-content\/uploads\/2017\/07\/reabilitazione-dopo-lato-sx-181x300.jpg\" alt=\"\" width=\"181\" height=\"300\" srcset=\"https:\/\/riccardomarzola.it\/new-site\/wp-content\/uploads\/2017\/07\/reabilitazione-dopo-lato-sx-181x300.jpg 181w, https:\/\/riccardomarzola.it\/new-site\/wp-content\/uploads\/2017\/07\/reabilitazione-dopo-lato-sx.jpg 584w\" sizes=\"auto, (max-width: 181px) 100vw, 181px\" \/><\/a><\/td>\n<\/tr>\n<tr>\n<td style=\"text-align: center;\">\u00a0dettaglio delle protesi anteriori<\/td>\n<td style=\"text-align: center;\">vista occlusale destra e sinistra dei restauri definitivi<\/td>\n<\/tr>\n<\/tbody>\n<\/table>\n<p>[\/vc_column_text][\/vc_column][\/vc_row]<\/p>\n<\/div>","protected":false},"excerpt":{"rendered":"<p>[vc_row][vc_column][vc_column_text]Come si pu\u00f2 intuire dal nome, per riabilitazione si intende una terapia odontoiatrica che preveda il coinvolgimento di gran parte degli elementi dentali al fine di\u00a0creare una corretta armonia sia da un punto di vista funzionale, cio\u00e8 per quello che riguarda l&#8217;efficenza della masticazione, che per ci\u00f2 che riguarda la fonetica e l&#8217;estetica del sorriso. [&hellip;]<\/p>\n","protected":false},"author":1,"featured_media":0,"parent":666,"menu_order":0,"comment_status":"closed","ping_status":"closed","template":"page_fullwidth.php","meta":{"footnotes":""},"class_list":["post-2","page","type-page","status-publish","hentry"],"_links":{"self":[{"href":"https:\/\/riccardomarzola.it\/new-site\/wp-json\/wp\/v2\/pages\/2","targetHints":{"allow":["GET"]}}],"collection":[{"href":"https:\/\/riccardomarzola.it\/new-site\/wp-json\/wp\/v2\/pages"}],"about":[{"href":"https:\/\/riccardomarzola.it\/new-site\/wp-json\/wp\/v2\/types\/page"}],"author":[{"embeddable":true,"href":"https:\/\/riccardomarzola.it\/new-site\/wp-json\/wp\/v2\/users\/1"}],"replies":[{"embeddable":true,"href":"https:\/\/riccardomarzola.it\/new-site\/wp-json\/wp\/v2\/comments?post=2"}],"version-history":[{"count":14,"href":"https:\/\/riccardomarzola.it\/new-site\/wp-json\/wp\/v2\/pages\/2\/revisions"}],"predecessor-version":[{"id":1210,"href":"https:\/\/riccardomarzola.it\/new-site\/wp-json\/wp\/v2\/pages\/2\/revisions\/1210"}],"up":[{"embeddable":true,"href":"https:\/\/riccardomarzola.it\/new-site\/wp-json\/wp\/v2\/pages\/666"}],"wp:attachment":[{"href":"https:\/\/riccardomarzola.it\/new-site\/wp-json\/wp\/v2\/media?parent=2"}],"curies":[{"name":"wp","href":"https:\/\/api.w.org\/{rel}","templated":true}]}}