{"id":1228,"date":"2018-03-20T19:23:55","date_gmt":"2018-03-20T18:23:55","guid":{"rendered":"http:\/\/www.riccardomarzola.it\/new-site\/?page_id=1228"},"modified":"2018-03-22T19:08:30","modified_gmt":"2018-03-22T18:08:30","slug":"prima-visita","status":"publish","type":"page","link":"https:\/\/riccardomarzola.it\/new-site\/clinici\/prima-visita\/","title":{"rendered":"Prima Visita"},"content":{"rendered":"<div class=\"wpb-content-wrapper\"><p>[vc_row][vc_column][vc_column_text]<\/p>\n<h5><strong><span class=\"style7\">PRIMO APPUNTAMENTO &#8211; CONSULTO<\/span><\/strong><\/h5>\n<p align=\"justify\">Dopo i primi contatti telefonici o via email, viene programmato il primo appuntamento nel quale viene richiesto al paziente di portare tutte le radiografie di cui sia eventualmente in possesso. Una volta in studio, viene richiesto al paziente di compilare una serie di moduli volti a determinare l&#8217;esatto stato di salute, l&#8217;eventuale assunzione di farmaci e la storia odontoiatrica precedente.<\/p>\n<p align=\"justify\">L\u2019esame clinico con il Dott. Marzola inizia sempre con il cancer screening (la ricerca di eventuali patologie neoplastiche del distretto oro-facciale), la valutazione extra ed intraorale, la ricerca di carie, la valutazione parodontale (ovvero lo stato di salute delle gengive e dell&#8217;osso di supporto ai denti) e l&#8217;analisi dell&#8217;occlusione (cio\u00e8 la modalit\u00e0 con cui i denti si &#8220;incastrano&#8221; gli uni sugli altri) e della funzionalit\u00e0 mandibolare.<\/p>\n<p align=\"justify\">Al termine dell&#8217;appuntamento verranno proposte, nei casi pi\u00f9 semplici, alcune alternative di trattamento con relativa indicazione sulle modalit\u00e0 di realizzazione e costi.<\/p>\n<h5 class=\"style7\" align=\"justify\"><strong>SECONDO APPUNTAMENTO &#8211; ESAME CLINICO E STRUMENTALE APPROFONDITO<\/strong><\/h5>\n<p align=\"justify\">Nel caso in cui il trattamento sia particolarmente complesso, al secondo appuntamento vengono eseguite ulteriori indagini cliniche e strumentali. Generalmente, un esame radiografico digitale completo (la tecnologia digitale consente di ridurre le radiazioni di circa il 90% rispetto alla metodica tradizionale), il rilevamento delle impronte delle arcate dentarie per la realizzazione dei modelli di studio e se necessario il rilevamento di foto e\/o filmati digitali per l&#8217;analisi estetica del viso e del sorriso. I dati cos\u00ec raccolti consentiranno all\u2019equipe clinica, in primo luogo di formulare una diagnosi corretta, e, successivamente, di determinare il piano di terapia sul quale, in accordo con il paziente, impostare l\u2019intero trattamento.<\/p>\n<h5 class=\"style7\" align=\"justify\"><strong>TERZO APPUNTAMENTO &#8211; DISCUSSIONE DEL PIANO DI TRATTAMENTO<\/strong><\/h5>\n<p align=\"justify\">In talune circostanze la complessit\u00e0 del caso rende necessario, per formulare una diagnosi corretta e soprattutto per impostare un adeguato piano di trattamento, analizzare pi\u00f9 attentamente ed approfonditamente il caso stesso attraverso la realizzazione di una ceratura diagnostica,ovvero la realizzazione in laboratorio sui modelli di studio (copia in gesso della bocca del paziente), utilizzando una modellazione in cera, di tutte le fasi cliniche che poi si intende realizzare nel cavo orale. In questi casi \u00e8 solo ad un terzo appuntento che, si pu\u00f2 finalmente illustrare al paziente quali siano i possibili iter terapeutici. E&#8217; in questa occasione che si potr\u00e0 rispondere, con l&#8217;aiuto di fotografie e filmati dei casi da noi completati, a tutte le domande poste dai pazienti.<\/p>\n<h5 align=\"justify\"><strong>TUTTO IN UNICO APPUNTAMENTO<\/strong><\/h5>\n<p>In alcuni casi, e se richiesto, \u00e8 possibile anche fare tutto in un solo appuntamento. Se il paziente non ha radiografie precedenti, durante la prima visita presso il nostro studio sar\u00e0 possibile fare un OPT-Ortopantomografia, (la cosiddetta &#8220;lastra panoramica&#8221;) oppure direttamente la TAC (CBCT) e quindi nella stessa seduta ricevere varie proposte di trattamento.[\/vc_column_text][\/vc_column][\/vc_row][vc_row][vc_column][\/vc_column][\/vc_row]<\/p>\n<\/div>","protected":false},"excerpt":{"rendered":"<p>[vc_row][vc_column][vc_column_text] PRIMO APPUNTAMENTO &#8211; CONSULTO Dopo i primi contatti telefonici o via email, viene programmato il primo appuntamento nel quale viene richiesto al paziente di portare tutte le radiografie di cui sia eventualmente in possesso. Una volta in studio, viene richiesto al paziente di compilare una serie di moduli volti a determinare l&#8217;esatto stato di [&hellip;]<\/p>\n","protected":false},"author":2,"featured_media":0,"parent":326,"menu_order":0,"comment_status":"closed","ping_status":"closed","template":"page_fullwidth.php","meta":{"footnotes":""},"class_list":["post-1228","page","type-page","status-publish","hentry"],"_links":{"self":[{"href":"https:\/\/riccardomarzola.it\/new-site\/wp-json\/wp\/v2\/pages\/1228","targetHints":{"allow":["GET"]}}],"collection":[{"href":"https:\/\/riccardomarzola.it\/new-site\/wp-json\/wp\/v2\/pages"}],"about":[{"href":"https:\/\/riccardomarzola.it\/new-site\/wp-json\/wp\/v2\/types\/page"}],"author":[{"embeddable":true,"href":"https:\/\/riccardomarzola.it\/new-site\/wp-json\/wp\/v2\/users\/2"}],"replies":[{"embeddable":true,"href":"https:\/\/riccardomarzola.it\/new-site\/wp-json\/wp\/v2\/comments?post=1228"}],"version-history":[{"count":8,"href":"https:\/\/riccardomarzola.it\/new-site\/wp-json\/wp\/v2\/pages\/1228\/revisions"}],"predecessor-version":[{"id":1249,"href":"https:\/\/riccardomarzola.it\/new-site\/wp-json\/wp\/v2\/pages\/1228\/revisions\/1249"}],"up":[{"embeddable":true,"href":"https:\/\/riccardomarzola.it\/new-site\/wp-json\/wp\/v2\/pages\/326"}],"wp:attachment":[{"href":"https:\/\/riccardomarzola.it\/new-site\/wp-json\/wp\/v2\/media?parent=1228"}],"curies":[{"name":"wp","href":"https:\/\/api.w.org\/{rel}","templated":true}]}}